{"id":44,"date":"2024-02-25T22:31:00","date_gmt":"2024-02-25T22:31:00","guid":{"rendered":"https:\/\/pauca.com.ar\/?page_id=44"},"modified":"2024-02-25T22:31:00","modified_gmt":"2024-02-25T22:31:00","slug":"primera-comunion","status":"publish","type":"page","link":"https:\/\/pauca.com.ar\/?page_id=44","title":{"rendered":"Primera Comuni\u00f3n"},"content":{"rendered":"\n<p>La Primera Comuni\u00f3n marca un momento muy importante en la vida de los ni\u00f1os\/as, porque adem\u00e1s de ser una de las Celebraciones m\u00e1s relevantes de la Iglesia Cat\u00f3lica, es la edad en la que nuestros hijos\/as experimentan r\u00e1pidos cambios\u2026, pronto dejar\u00e1n de ser nuestros peque\u00f1itos\/as, de 9 a\u00f1os, para entrar una etapa de mucho crecimiento a nivel f\u00edsico e intelectual\u2026<\/p>\n\n\n\n<p>PROXIMAMENTE<\/p>\n","protected":false},"excerpt":{"rendered":"<p>La Primera Comuni\u00f3n marca un momento muy importante en la vida de los ni\u00f1os\/as, porque adem\u00e1s de ser una de las Celebraciones m\u00e1s relevantes de la Iglesia Cat\u00f3lica, es la edad en la que nuestros hijos\/as experimentan r\u00e1pidos cambios\u2026, pronto dejar\u00e1n de ser nuestros peque\u00f1itos\/as, de 9 a\u00f1os, para entrar una etapa de mucho crecimiento a nivel f\u00edsico e intelectual\u2026 PROXIMAMENTE<\/p>\n","protected":false},"author":1,"featured_media":0,"parent":0,"menu_order":0,"comment_status":"closed","ping_status":"open","template":"","meta":{"footnotes":""},"class_list":["post-44","page","type-page","status-publish","hentry"],"_links":{"self":[{"href":"https:\/\/pauca.com.ar\/index.php?rest_route=\/wp\/v2\/pages\/44","targetHints":{"allow":["GET"]}}],"collection":[{"href":"https:\/\/pauca.com.ar\/index.php?rest_route=\/wp\/v2\/pages"}],"about":[{"href":"https:\/\/pauca.com.ar\/index.php?rest_route=\/wp\/v2\/types\/page"}],"author":[{"embeddable":true,"href":"https:\/\/pauca.com.ar\/index.php?rest_route=\/wp\/v2\/users\/1"}],"replies":[{"embeddable":true,"href":"https:\/\/pauca.com.ar\/index.php?rest_route=%2Fwp%2Fv2%2Fcomments&post=44"}],"version-history":[{"count":1,"href":"https:\/\/pauca.com.ar\/index.php?rest_route=\/wp\/v2\/pages\/44\/revisions"}],"predecessor-version":[{"id":45,"href":"https:\/\/pauca.com.ar\/index.php?rest_route=\/wp\/v2\/pages\/44\/revisions\/45"}],"wp:attachment":[{"href":"https:\/\/pauca.com.ar\/index.php?rest_route=%2Fwp%2Fv2%2Fmedia&parent=44"}],"curies":[{"name":"wp","href":"https:\/\/api.w.org\/{rel}","templated":true}]}}