{"id":40,"date":"2024-02-25T22:29:29","date_gmt":"2024-02-25T22:29:29","guid":{"rendered":"https:\/\/pauca.com.ar\/?page_id=40"},"modified":"2024-03-11T21:53:41","modified_gmt":"2024-03-11T21:53:41","slug":"ninos","status":"publish","type":"page","link":"https:\/\/pauca.com.ar\/?page_id=40","title":{"rendered":"Ni\u00f1os"},"content":{"rendered":"\n<p>\u00c9sta Sesi\u00f3n de Fotos, est\u00e1 pensada para que retrates el crecimiento de tus hijos\/as, a\u00f1o a a\u00f1o, a partir de los 24 meses. Son din\u00e1micas, divertidas y espont\u00e1neas para los m\u00e1s peque\u00f1os; y un poco m\u00e1s dirigidas para los m\u00e1s grandes, con ellos\/as planeamos juntos la Sesi\u00f3n!. Uso muy pocos accesorios, para que sean los ni\u00f1os\/as, quienes tengan todo el protagonismo.<\/p>\n\n\n\n<p>\u00bfC\u00d3MO ES LA SESI\u00d3N?<\/p>\n\n\n\n<p>Tiene una duraci\u00f3n estimada de 60 minutos; respeto los tiempos de tu ni\u00f1o\/a. Tenemos una entrevista previa, donde definimos los detalles del set, el vestuario, y la din\u00e1mica de trabajo. Logro las poses, a trav\u00e9s del juego, la conversaci\u00f3n, y t\u00e9cnicas teatrales.<\/p>\n\n\n\n<p>El d\u00eda de las fotos, todo estar\u00e1 listo, para comenzar, sin demoras.<\/p>\n\n\n\n<p>CANTIDAD DE FOTOS Y ENTREGA<\/p>\n\n\n\n<p>Te entrego 15 fotos editadas, en alta calidad. Realizo fotos s\u00f3lo de tu ni\u00f1o\/a.<\/p>\n\n\n\n<p>Tendr\u00e1s la posibilidad de agregar, de manera opcional, fotos extras al paquete; as\u00ed como tambi\u00e9n, productos impresos: fotolibros, contenedores de fotos, fotocuadros, impresiones, \u00a1y m\u00e1s!.<\/p>\n\n\n\n<p>VESTUARIO<\/p>\n\n\n\n<p>Se realizan 2 cambios de vestuario, no inclu\u00eddo. Te asesoro respecto de cu\u00e1l es el m\u00e1s adecuado, para tu Sesi\u00f3n. El Estudio cuenta con cambiador, elementos de aseo, y accesorios para el cabello.<\/p>\n\n\n\n<p>Maquillaje y peinado opcional, muy recomendable para las ni\u00f1as, a partir de los 6 a\u00f1os.<\/p>\n\n\n\n<p>FORMA DE TRABAJO<\/p>\n\n\n\n<p>Dentro de las 72hs posteriores a la realizaci\u00f3n de la Sesi\u00f3n de Fotos, recibir\u00e1s un muestrario, con todas las fotograf\u00edas, sin editar, con marca de agua, para que hagas la selecci\u00f3n, de las fotos finalistas.<\/p>\n\n\n\n<p>Una vez elegidas, deber\u00e1s enviarme los n\u00fameros por E-Mail o por Whatsapp; all\u00ed comienzo el proceso de edici\u00f3n, que puede demorar de 10 a 15 d\u00edas<\/p>\n\n\n\n<p>FORMA DE PAGO Y ENTREGA<\/p>\n\n\n\n<p>El material final editado, se entrega v\u00eda We Transfer o Google Drive, con link de descarga.<\/p>\n\n\n\n<p>Podr\u00e1s abonar con dep\u00f3sito o transferencia bancaria, 50% para reserva de la fecha, 50% hasta 24hs antes de la Sesi\u00f3n.<\/p>\n\n\n\n<p><em>Todos los precios, est\u00e1n sujetos a cambios sin previo aviso<\/em><\/p>\n\n\n\n<p><strong>NOTA: Ante la existencia de alg\u00fan hecho que impidiera la realizaci\u00f3n de la sesi\u00f3n contratada en la fecha prevista, la se\u00f1a abonada ser\u00e1 imputada a la realizaci\u00f3n de futura sesi\u00f3n dentro de los 12 meses posteriores a la fecha de pago de la misma y a cuenta de precio vigente de dicha sesi\u00f3n al momento de realizarse.<\/strong><strong><\/strong><\/p>\n\n\n\n<figure class=\"wp-block-gallery has-nested-images columns-default is-cropped wp-block-gallery-1 is-layout-flex wp-block-gallery-is-layout-flex\">\n<figure data-wp-context=\"{&quot;imageId&quot;:&quot;69e60766910f9&quot;}\" data-wp-interactive=\"core\/image\" data-wp-key=\"69e60766910f9\" class=\"wp-block-image size-large wp-lightbox-container\"><img loading=\"lazy\" decoding=\"async\" width=\"683\" height=\"1024\" data-wp-class--hide=\"state.isContentHidden\" data-wp-class--show=\"state.isContentVisible\" data-wp-init=\"callbacks.setButtonStyles\" data-wp-on--click=\"actions.showLightbox\" data-wp-on--load=\"callbacks.setButtonStyles\" data-wp-on-window--resize=\"callbacks.setButtonStyles\" data-id=\"115\" src=\"https:\/\/pauca.com.ar\/wp-content\/uploads\/2024\/03\/1H8A4862A1-683x1024.jpg\" alt=\"\" class=\"wp-image-115\" srcset=\"https:\/\/pauca.com.ar\/wp-content\/uploads\/2024\/03\/1H8A4862A1-683x1024.jpg 683w, https:\/\/pauca.com.ar\/wp-content\/uploads\/2024\/03\/1H8A4862A1-200x300.jpg 200w, https:\/\/pauca.com.ar\/wp-content\/uploads\/2024\/03\/1H8A4862A1-768x1152.jpg 768w, https:\/\/pauca.com.ar\/wp-content\/uploads\/2024\/03\/1H8A4862A1-1024x1536.jpg 1024w, https:\/\/pauca.com.ar\/wp-content\/uploads\/2024\/03\/1H8A4862A1-1140x1710.jpg 1140w, https:\/\/pauca.com.ar\/wp-content\/uploads\/2024\/03\/1H8A4862A1.jpg 1365w\" sizes=\"auto, (max-width: 683px) 100vw, 683px\" \/><button\n\t\t\tclass=\"lightbox-trigger\"\n\t\t\ttype=\"button\"\n\t\t\taria-haspopup=\"dialog\"\n\t\t\taria-label=\"Agrandar\"\n\t\t\tdata-wp-init=\"callbacks.initTriggerButton\"\n\t\t\tdata-wp-on--click=\"actions.showLightbox\"\n\t\t\tdata-wp-style--right=\"state.imageButtonRight\"\n\t\t\tdata-wp-style--top=\"state.imageButtonTop\"\n\t\t>\n\t\t\t<svg xmlns=\"http:\/\/www.w3.org\/2000\/svg\" width=\"12\" height=\"12\" fill=\"none\" viewBox=\"0 0 12 12\">\n\t\t\t\t<path fill=\"#fff\" d=\"M2 0a2 2 0 0 0-2 2v2h1.5V2a.5.5 0 0 1 .5-.5h2V0H2Zm2 10.5H2a.5.5 0 0 1-.5-.5V8H0v2a2 2 0 0 0 2 2h2v-1.5ZM8 12v-1.5h2a.5.5 0 0 0 .5-.5V8H12v2a2 2 0 0 1-2 2H8Zm2-12a2 2 0 0 1 2 2v2h-1.5V2a.5.5 0 0 0-.5-.5H8V0h2Z\" \/>\n\t\t\t<\/svg>\n\t\t<\/button><\/figure>\n\n\n\n<figure data-wp-context=\"{&quot;imageId&quot;:&quot;69e6076691bbc&quot;}\" data-wp-interactive=\"core\/image\" data-wp-key=\"69e6076691bbc\" class=\"wp-block-image size-large wp-lightbox-container\"><img loading=\"lazy\" decoding=\"async\" width=\"683\" height=\"1024\" data-wp-class--hide=\"state.isContentHidden\" data-wp-class--show=\"state.isContentVisible\" data-wp-init=\"callbacks.setButtonStyles\" data-wp-on--click=\"actions.showLightbox\" data-wp-on--load=\"callbacks.setButtonStyles\" data-wp-on-window--resize=\"callbacks.setButtonStyles\" data-id=\"120\" src=\"https:\/\/pauca.com.ar\/wp-content\/uploads\/2024\/03\/1H8A4867A-683x1024.jpg\" alt=\"\" class=\"wp-image-120\" srcset=\"https:\/\/pauca.com.ar\/wp-content\/uploads\/2024\/03\/1H8A4867A-683x1024.jpg 683w, https:\/\/pauca.com.ar\/wp-content\/uploads\/2024\/03\/1H8A4867A-200x300.jpg 200w, https:\/\/pauca.com.ar\/wp-content\/uploads\/2024\/03\/1H8A4867A-768x1151.jpg 768w, https:\/\/pauca.com.ar\/wp-content\/uploads\/2024\/03\/1H8A4867A-1025x1536.jpg 1025w, https:\/\/pauca.com.ar\/wp-content\/uploads\/2024\/03\/1H8A4867A-1140x1709.jpg 1140w, https:\/\/pauca.com.ar\/wp-content\/uploads\/2024\/03\/1H8A4867A.jpg 1366w\" sizes=\"auto, (max-width: 683px) 100vw, 683px\" \/><button\n\t\t\tclass=\"lightbox-trigger\"\n\t\t\ttype=\"button\"\n\t\t\taria-haspopup=\"dialog\"\n\t\t\taria-label=\"Agrandar\"\n\t\t\tdata-wp-init=\"callbacks.initTriggerButton\"\n\t\t\tdata-wp-on--click=\"actions.showLightbox\"\n\t\t\tdata-wp-style--right=\"state.imageButtonRight\"\n\t\t\tdata-wp-style--top=\"state.imageButtonTop\"\n\t\t>\n\t\t\t<svg xmlns=\"http:\/\/www.w3.org\/2000\/svg\" width=\"12\" height=\"12\" fill=\"none\" viewBox=\"0 0 12 12\">\n\t\t\t\t<path fill=\"#fff\" d=\"M2 0a2 2 0 0 0-2 2v2h1.5V2a.5.5 0 0 1 .5-.5h2V0H2Zm2 10.5H2a.5.5 0 0 1-.5-.5V8H0v2a2 2 0 0 0 2 2h2v-1.5ZM8 12v-1.5h2a.5.5 0 0 0 .5-.5V8H12v2a2 2 0 0 1-2 2H8Zm2-12a2 2 0 0 1 2 2v2h-1.5V2a.5.5 0 0 0-.5-.5H8V0h2Z\" \/>\n\t\t\t<\/svg>\n\t\t<\/button><\/figure>\n\n\n\n<figure data-wp-context=\"{&quot;imageId&quot;:&quot;69e60766923e6&quot;}\" data-wp-interactive=\"core\/image\" data-wp-key=\"69e60766923e6\" class=\"wp-block-image size-large wp-lightbox-container\"><img loading=\"lazy\" decoding=\"async\" width=\"683\" height=\"1024\" data-wp-class--hide=\"state.isContentHidden\" data-wp-class--show=\"state.isContentVisible\" data-wp-init=\"callbacks.setButtonStyles\" data-wp-on--click=\"actions.showLightbox\" data-wp-on--load=\"callbacks.setButtonStyles\" data-wp-on-window--resize=\"callbacks.setButtonStyles\" data-id=\"119\" src=\"https:\/\/pauca.com.ar\/wp-content\/uploads\/2024\/03\/1H8A7112A-683x1024.jpg\" alt=\"\" class=\"wp-image-119\" srcset=\"https:\/\/pauca.com.ar\/wp-content\/uploads\/2024\/03\/1H8A7112A-683x1024.jpg 683w, https:\/\/pauca.com.ar\/wp-content\/uploads\/2024\/03\/1H8A7112A-200x300.jpg 200w, https:\/\/pauca.com.ar\/wp-content\/uploads\/2024\/03\/1H8A7112A-768x1152.jpg 768w, https:\/\/pauca.com.ar\/wp-content\/uploads\/2024\/03\/1H8A7112A-1024x1536.jpg 1024w, https:\/\/pauca.com.ar\/wp-content\/uploads\/2024\/03\/1H8A7112A-1140x1710.jpg 1140w, https:\/\/pauca.com.ar\/wp-content\/uploads\/2024\/03\/1H8A7112A.jpg 1365w\" sizes=\"auto, (max-width: 683px) 100vw, 683px\" \/><button\n\t\t\tclass=\"lightbox-trigger\"\n\t\t\ttype=\"button\"\n\t\t\taria-haspopup=\"dialog\"\n\t\t\taria-label=\"Agrandar\"\n\t\t\tdata-wp-init=\"callbacks.initTriggerButton\"\n\t\t\tdata-wp-on--click=\"actions.showLightbox\"\n\t\t\tdata-wp-style--right=\"state.imageButtonRight\"\n\t\t\tdata-wp-style--top=\"state.imageButtonTop\"\n\t\t>\n\t\t\t<svg xmlns=\"http:\/\/www.w3.org\/2000\/svg\" width=\"12\" height=\"12\" fill=\"none\" viewBox=\"0 0 12 12\">\n\t\t\t\t<path fill=\"#fff\" d=\"M2 0a2 2 0 0 0-2 2v2h1.5V2a.5.5 0 0 1 .5-.5h2V0H2Zm2 10.5H2a.5.5 0 0 1-.5-.5V8H0v2a2 2 0 0 0 2 2h2v-1.5ZM8 12v-1.5h2a.5.5 0 0 0 .5-.5V8H12v2a2 2 0 0 1-2 2H8Zm2-12a2 2 0 0 1 2 2v2h-1.5V2a.5.5 0 0 0-.5-.5H8V0h2Z\" \/>\n\t\t\t<\/svg>\n\t\t<\/button><\/figure>\n\n\n\n<figure data-wp-context=\"{&quot;imageId&quot;:&quot;69e6076692ba1&quot;}\" data-wp-interactive=\"core\/image\" data-wp-key=\"69e6076692ba1\" class=\"wp-block-image size-large wp-lightbox-container\"><img loading=\"lazy\" decoding=\"async\" width=\"1024\" height=\"683\" data-wp-class--hide=\"state.isContentHidden\" data-wp-class--show=\"state.isContentVisible\" data-wp-init=\"callbacks.setButtonStyles\" data-wp-on--click=\"actions.showLightbox\" data-wp-on--load=\"callbacks.setButtonStyles\" data-wp-on-window--resize=\"callbacks.setButtonStyles\" data-id=\"112\" src=\"https:\/\/pauca.com.ar\/wp-content\/uploads\/2024\/03\/1H8A7142A-1024x683.jpg\" alt=\"\" class=\"wp-image-112\" srcset=\"https:\/\/pauca.com.ar\/wp-content\/uploads\/2024\/03\/1H8A7142A-1024x683.jpg 1024w, https:\/\/pauca.com.ar\/wp-content\/uploads\/2024\/03\/1H8A7142A-300x200.jpg 300w, https:\/\/pauca.com.ar\/wp-content\/uploads\/2024\/03\/1H8A7142A-768x512.jpg 768w, https:\/\/pauca.com.ar\/wp-content\/uploads\/2024\/03\/1H8A7142A-1536x1024.jpg 1536w, https:\/\/pauca.com.ar\/wp-content\/uploads\/2024\/03\/1H8A7142A-1140x760.jpg 1140w, https:\/\/pauca.com.ar\/wp-content\/uploads\/2024\/03\/1H8A7142A.jpg 2048w\" sizes=\"auto, (max-width: 1024px) 100vw, 1024px\" \/><button\n\t\t\tclass=\"lightbox-trigger\"\n\t\t\ttype=\"button\"\n\t\t\taria-haspopup=\"dialog\"\n\t\t\taria-label=\"Agrandar\"\n\t\t\tdata-wp-init=\"callbacks.initTriggerButton\"\n\t\t\tdata-wp-on--click=\"actions.showLightbox\"\n\t\t\tdata-wp-style--right=\"state.imageButtonRight\"\n\t\t\tdata-wp-style--top=\"state.imageButtonTop\"\n\t\t>\n\t\t\t<svg xmlns=\"http:\/\/www.w3.org\/2000\/svg\" width=\"12\" height=\"12\" fill=\"none\" viewBox=\"0 0 12 12\">\n\t\t\t\t<path fill=\"#fff\" d=\"M2 0a2 2 0 0 0-2 2v2h1.5V2a.5.5 0 0 1 .5-.5h2V0H2Zm2 10.5H2a.5.5 0 0 1-.5-.5V8H0v2a2 2 0 0 0 2 2h2v-1.5ZM8 12v-1.5h2a.5.5 0 0 0 .5-.5V8H12v2a2 2 0 0 1-2 2H8Zm2-12a2 2 0 0 1 2 2v2h-1.5V2a.5.5 0 0 0-.5-.5H8V0h2Z\" \/>\n\t\t\t<\/svg>\n\t\t<\/button><\/figure>\n\n\n\n<figure data-wp-context=\"{&quot;imageId&quot;:&quot;69e60766938b8&quot;}\" data-wp-interactive=\"core\/image\" data-wp-key=\"69e60766938b8\" class=\"wp-block-image size-large wp-lightbox-container\"><img loading=\"lazy\" decoding=\"async\" width=\"1024\" height=\"683\" data-wp-class--hide=\"state.isContentHidden\" data-wp-class--show=\"state.isContentVisible\" data-wp-init=\"callbacks.setButtonStyles\" data-wp-on--click=\"actions.showLightbox\" data-wp-on--load=\"callbacks.setButtonStyles\" data-wp-on-window--resize=\"callbacks.setButtonStyles\" data-id=\"117\" src=\"https:\/\/pauca.com.ar\/wp-content\/uploads\/2024\/03\/1H8A7285A-1024x683.jpg\" alt=\"\" class=\"wp-image-117\" srcset=\"https:\/\/pauca.com.ar\/wp-content\/uploads\/2024\/03\/1H8A7285A-1024x683.jpg 1024w, https:\/\/pauca.com.ar\/wp-content\/uploads\/2024\/03\/1H8A7285A-300x200.jpg 300w, https:\/\/pauca.com.ar\/wp-content\/uploads\/2024\/03\/1H8A7285A-768x512.jpg 768w, https:\/\/pauca.com.ar\/wp-content\/uploads\/2024\/03\/1H8A7285A-1536x1024.jpg 1536w, https:\/\/pauca.com.ar\/wp-content\/uploads\/2024\/03\/1H8A7285A-1140x760.jpg 1140w, https:\/\/pauca.com.ar\/wp-content\/uploads\/2024\/03\/1H8A7285A.jpg 2048w\" sizes=\"auto, (max-width: 1024px) 100vw, 1024px\" \/><button\n\t\t\tclass=\"lightbox-trigger\"\n\t\t\ttype=\"button\"\n\t\t\taria-haspopup=\"dialog\"\n\t\t\taria-label=\"Agrandar\"\n\t\t\tdata-wp-init=\"callbacks.initTriggerButton\"\n\t\t\tdata-wp-on--click=\"actions.showLightbox\"\n\t\t\tdata-wp-style--right=\"state.imageButtonRight\"\n\t\t\tdata-wp-style--top=\"state.imageButtonTop\"\n\t\t>\n\t\t\t<svg xmlns=\"http:\/\/www.w3.org\/2000\/svg\" width=\"12\" height=\"12\" fill=\"none\" viewBox=\"0 0 12 12\">\n\t\t\t\t<path fill=\"#fff\" d=\"M2 0a2 2 0 0 0-2 2v2h1.5V2a.5.5 0 0 1 .5-.5h2V0H2Zm2 10.5H2a.5.5 0 0 1-.5-.5V8H0v2a2 2 0 0 0 2 2h2v-1.5ZM8 12v-1.5h2a.5.5 0 0 0 .5-.5V8H12v2a2 2 0 0 1-2 2H8Zm2-12a2 2 0 0 1 2 2v2h-1.5V2a.5.5 0 0 0-.5-.5H8V0h2Z\" \/>\n\t\t\t<\/svg>\n\t\t<\/button><\/figure>\n\n\n\n<figure data-wp-context=\"{&quot;imageId&quot;:&quot;69e607669481d&quot;}\" data-wp-interactive=\"core\/image\" data-wp-key=\"69e607669481d\" class=\"wp-block-image size-large wp-lightbox-container\"><img loading=\"lazy\" decoding=\"async\" width=\"683\" height=\"1024\" data-wp-class--hide=\"state.isContentHidden\" data-wp-class--show=\"state.isContentVisible\" data-wp-init=\"callbacks.setButtonStyles\" data-wp-on--click=\"actions.showLightbox\" data-wp-on--load=\"callbacks.setButtonStyles\" data-wp-on-window--resize=\"callbacks.setButtonStyles\" data-id=\"121\" src=\"https:\/\/pauca.com.ar\/wp-content\/uploads\/2024\/03\/1H8A7443A-683x1024.jpg\" alt=\"\" class=\"wp-image-121\" srcset=\"https:\/\/pauca.com.ar\/wp-content\/uploads\/2024\/03\/1H8A7443A-683x1024.jpg 683w, https:\/\/pauca.com.ar\/wp-content\/uploads\/2024\/03\/1H8A7443A-200x300.jpg 200w, https:\/\/pauca.com.ar\/wp-content\/uploads\/2024\/03\/1H8A7443A-768x1152.jpg 768w, https:\/\/pauca.com.ar\/wp-content\/uploads\/2024\/03\/1H8A7443A-1024x1536.jpg 1024w, https:\/\/pauca.com.ar\/wp-content\/uploads\/2024\/03\/1H8A7443A-1140x1710.jpg 1140w, https:\/\/pauca.com.ar\/wp-content\/uploads\/2024\/03\/1H8A7443A.jpg 1365w\" sizes=\"auto, (max-width: 683px) 100vw, 683px\" \/><button\n\t\t\tclass=\"lightbox-trigger\"\n\t\t\ttype=\"button\"\n\t\t\taria-haspopup=\"dialog\"\n\t\t\taria-label=\"Agrandar\"\n\t\t\tdata-wp-init=\"callbacks.initTriggerButton\"\n\t\t\tdata-wp-on--click=\"actions.showLightbox\"\n\t\t\tdata-wp-style--right=\"state.imageButtonRight\"\n\t\t\tdata-wp-style--top=\"state.imageButtonTop\"\n\t\t>\n\t\t\t<svg xmlns=\"http:\/\/www.w3.org\/2000\/svg\" width=\"12\" height=\"12\" fill=\"none\" viewBox=\"0 0 12 12\">\n\t\t\t\t<path fill=\"#fff\" d=\"M2 0a2 2 0 0 0-2 2v2h1.5V2a.5.5 0 0 1 .5-.5h2V0H2Zm2 10.5H2a.5.5 0 0 1-.5-.5V8H0v2a2 2 0 0 0 2 2h2v-1.5ZM8 12v-1.5h2a.5.5 0 0 0 .5-.5V8H12v2a2 2 0 0 1-2 2H8Zm2-12a2 2 0 0 1 2 2v2h-1.5V2a.5.5 0 0 0-.5-.5H8V0h2Z\" \/>\n\t\t\t<\/svg>\n\t\t<\/button><\/figure>\n\n\n\n<figure data-wp-context=\"{&quot;imageId&quot;:&quot;69e60766956dd&quot;}\" data-wp-interactive=\"core\/image\" data-wp-key=\"69e60766956dd\" class=\"wp-block-image size-large wp-lightbox-container\"><img loading=\"lazy\" decoding=\"async\" width=\"683\" height=\"1024\" data-wp-class--hide=\"state.isContentHidden\" data-wp-class--show=\"state.isContentVisible\" data-wp-init=\"callbacks.setButtonStyles\" data-wp-on--click=\"actions.showLightbox\" data-wp-on--load=\"callbacks.setButtonStyles\" data-wp-on-window--resize=\"callbacks.setButtonStyles\" data-id=\"114\" src=\"https:\/\/pauca.com.ar\/wp-content\/uploads\/2024\/03\/1H8A7536A-683x1024.jpg\" alt=\"\" class=\"wp-image-114\" srcset=\"https:\/\/pauca.com.ar\/wp-content\/uploads\/2024\/03\/1H8A7536A-683x1024.jpg 683w, https:\/\/pauca.com.ar\/wp-content\/uploads\/2024\/03\/1H8A7536A-200x300.jpg 200w, https:\/\/pauca.com.ar\/wp-content\/uploads\/2024\/03\/1H8A7536A-768x1152.jpg 768w, https:\/\/pauca.com.ar\/wp-content\/uploads\/2024\/03\/1H8A7536A-1024x1536.jpg 1024w, https:\/\/pauca.com.ar\/wp-content\/uploads\/2024\/03\/1H8A7536A-1140x1710.jpg 1140w, https:\/\/pauca.com.ar\/wp-content\/uploads\/2024\/03\/1H8A7536A.jpg 1365w\" sizes=\"auto, (max-width: 683px) 100vw, 683px\" \/><button\n\t\t\tclass=\"lightbox-trigger\"\n\t\t\ttype=\"button\"\n\t\t\taria-haspopup=\"dialog\"\n\t\t\taria-label=\"Agrandar\"\n\t\t\tdata-wp-init=\"callbacks.initTriggerButton\"\n\t\t\tdata-wp-on--click=\"actions.showLightbox\"\n\t\t\tdata-wp-style--right=\"state.imageButtonRight\"\n\t\t\tdata-wp-style--top=\"state.imageButtonTop\"\n\t\t>\n\t\t\t<svg xmlns=\"http:\/\/www.w3.org\/2000\/svg\" width=\"12\" height=\"12\" fill=\"none\" viewBox=\"0 0 12 12\">\n\t\t\t\t<path fill=\"#fff\" d=\"M2 0a2 2 0 0 0-2 2v2h1.5V2a.5.5 0 0 1 .5-.5h2V0H2Zm2 10.5H2a.5.5 0 0 1-.5-.5V8H0v2a2 2 0 0 0 2 2h2v-1.5ZM8 12v-1.5h2a.5.5 0 0 0 .5-.5V8H12v2a2 2 0 0 1-2 2H8Zm2-12a2 2 0 0 1 2 2v2h-1.5V2a.5.5 0 0 0-.5-.5H8V0h2Z\" \/>\n\t\t\t<\/svg>\n\t\t<\/button><\/figure>\n\n\n\n<figure data-wp-context=\"{&quot;imageId&quot;:&quot;69e607669667c&quot;}\" data-wp-interactive=\"core\/image\" data-wp-key=\"69e607669667c\" class=\"wp-block-image size-large wp-lightbox-container\"><img loading=\"lazy\" decoding=\"async\" width=\"683\" height=\"1024\" data-wp-class--hide=\"state.isContentHidden\" data-wp-class--show=\"state.isContentVisible\" data-wp-init=\"callbacks.setButtonStyles\" data-wp-on--click=\"actions.showLightbox\" data-wp-on--load=\"callbacks.setButtonStyles\" data-wp-on-window--resize=\"callbacks.setButtonStyles\" data-id=\"116\" src=\"https:\/\/pauca.com.ar\/wp-content\/uploads\/2024\/03\/1H8A7631A-683x1024.jpg\" alt=\"\" class=\"wp-image-116\" srcset=\"https:\/\/pauca.com.ar\/wp-content\/uploads\/2024\/03\/1H8A7631A-683x1024.jpg 683w, https:\/\/pauca.com.ar\/wp-content\/uploads\/2024\/03\/1H8A7631A-200x300.jpg 200w, https:\/\/pauca.com.ar\/wp-content\/uploads\/2024\/03\/1H8A7631A-768x1152.jpg 768w, https:\/\/pauca.com.ar\/wp-content\/uploads\/2024\/03\/1H8A7631A-1024x1536.jpg 1024w, https:\/\/pauca.com.ar\/wp-content\/uploads\/2024\/03\/1H8A7631A-1140x1710.jpg 1140w, https:\/\/pauca.com.ar\/wp-content\/uploads\/2024\/03\/1H8A7631A.jpg 1365w\" sizes=\"auto, (max-width: 683px) 100vw, 683px\" \/><button\n\t\t\tclass=\"lightbox-trigger\"\n\t\t\ttype=\"button\"\n\t\t\taria-haspopup=\"dialog\"\n\t\t\taria-label=\"Agrandar\"\n\t\t\tdata-wp-init=\"callbacks.initTriggerButton\"\n\t\t\tdata-wp-on--click=\"actions.showLightbox\"\n\t\t\tdata-wp-style--right=\"state.imageButtonRight\"\n\t\t\tdata-wp-style--top=\"state.imageButtonTop\"\n\t\t>\n\t\t\t<svg xmlns=\"http:\/\/www.w3.org\/2000\/svg\" width=\"12\" height=\"12\" fill=\"none\" viewBox=\"0 0 12 12\">\n\t\t\t\t<path fill=\"#fff\" d=\"M2 0a2 2 0 0 0-2 2v2h1.5V2a.5.5 0 0 1 .5-.5h2V0H2Zm2 10.5H2a.5.5 0 0 1-.5-.5V8H0v2a2 2 0 0 0 2 2h2v-1.5ZM8 12v-1.5h2a.5.5 0 0 0 .5-.5V8H12v2a2 2 0 0 1-2 2H8Zm2-12a2 2 0 0 1 2 2v2h-1.5V2a.5.5 0 0 0-.5-.5H8V0h2Z\" \/>\n\t\t\t<\/svg>\n\t\t<\/button><\/figure>\n\n\n\n<figure data-wp-context=\"{&quot;imageId&quot;:&quot;69e6076697687&quot;}\" data-wp-interactive=\"core\/image\" data-wp-key=\"69e6076697687\" class=\"wp-block-image size-large wp-lightbox-container\"><img loading=\"lazy\" decoding=\"async\" width=\"1024\" height=\"683\" data-wp-class--hide=\"state.isContentHidden\" data-wp-class--show=\"state.isContentVisible\" data-wp-init=\"callbacks.setButtonStyles\" data-wp-on--click=\"actions.showLightbox\" data-wp-on--load=\"callbacks.setButtonStyles\" data-wp-on-window--resize=\"callbacks.setButtonStyles\" data-id=\"113\" src=\"https:\/\/pauca.com.ar\/wp-content\/uploads\/2024\/03\/1H8A7832A-1024x683.jpg\" alt=\"\" class=\"wp-image-113\" srcset=\"https:\/\/pauca.com.ar\/wp-content\/uploads\/2024\/03\/1H8A7832A-1024x683.jpg 1024w, https:\/\/pauca.com.ar\/wp-content\/uploads\/2024\/03\/1H8A7832A-300x200.jpg 300w, https:\/\/pauca.com.ar\/wp-content\/uploads\/2024\/03\/1H8A7832A-768x512.jpg 768w, https:\/\/pauca.com.ar\/wp-content\/uploads\/2024\/03\/1H8A7832A-1536x1024.jpg 1536w, https:\/\/pauca.com.ar\/wp-content\/uploads\/2024\/03\/1H8A7832A-1140x760.jpg 1140w, https:\/\/pauca.com.ar\/wp-content\/uploads\/2024\/03\/1H8A7832A.jpg 2048w\" sizes=\"auto, (max-width: 1024px) 100vw, 1024px\" \/><button\n\t\t\tclass=\"lightbox-trigger\"\n\t\t\ttype=\"button\"\n\t\t\taria-haspopup=\"dialog\"\n\t\t\taria-label=\"Agrandar\"\n\t\t\tdata-wp-init=\"callbacks.initTriggerButton\"\n\t\t\tdata-wp-on--click=\"actions.showLightbox\"\n\t\t\tdata-wp-style--right=\"state.imageButtonRight\"\n\t\t\tdata-wp-style--top=\"state.imageButtonTop\"\n\t\t>\n\t\t\t<svg xmlns=\"http:\/\/www.w3.org\/2000\/svg\" width=\"12\" height=\"12\" fill=\"none\" viewBox=\"0 0 12 12\">\n\t\t\t\t<path fill=\"#fff\" d=\"M2 0a2 2 0 0 0-2 2v2h1.5V2a.5.5 0 0 1 .5-.5h2V0H2Zm2 10.5H2a.5.5 0 0 1-.5-.5V8H0v2a2 2 0 0 0 2 2h2v-1.5ZM8 12v-1.5h2a.5.5 0 0 0 .5-.5V8H12v2a2 2 0 0 1-2 2H8Zm2-12a2 2 0 0 1 2 2v2h-1.5V2a.5.5 0 0 0-.5-.5H8V0h2Z\" \/>\n\t\t\t<\/svg>\n\t\t<\/button><\/figure>\n\n\n\n<figure data-wp-context=\"{&quot;imageId&quot;:&quot;69e60766985c6&quot;}\" data-wp-interactive=\"core\/image\" data-wp-key=\"69e60766985c6\" class=\"wp-block-image size-large wp-lightbox-container\"><img loading=\"lazy\" decoding=\"async\" width=\"1024\" height=\"691\" data-wp-class--hide=\"state.isContentHidden\" data-wp-class--show=\"state.isContentVisible\" data-wp-init=\"callbacks.setButtonStyles\" data-wp-on--click=\"actions.showLightbox\" data-wp-on--load=\"callbacks.setButtonStyles\" data-wp-on-window--resize=\"callbacks.setButtonStyles\" data-id=\"118\" src=\"https:\/\/pauca.com.ar\/wp-content\/uploads\/2024\/03\/SF3A8587A-1024x691.jpg\" alt=\"\" class=\"wp-image-118\" srcset=\"https:\/\/pauca.com.ar\/wp-content\/uploads\/2024\/03\/SF3A8587A-1024x691.jpg 1024w, https:\/\/pauca.com.ar\/wp-content\/uploads\/2024\/03\/SF3A8587A-300x202.jpg 300w, https:\/\/pauca.com.ar\/wp-content\/uploads\/2024\/03\/SF3A8587A-768x518.jpg 768w, https:\/\/pauca.com.ar\/wp-content\/uploads\/2024\/03\/SF3A8587A-1536x1036.jpg 1536w, https:\/\/pauca.com.ar\/wp-content\/uploads\/2024\/03\/SF3A8587A-1140x769.jpg 1140w, https:\/\/pauca.com.ar\/wp-content\/uploads\/2024\/03\/SF3A8587A.jpg 2048w\" sizes=\"auto, (max-width: 1024px) 100vw, 1024px\" \/><button\n\t\t\tclass=\"lightbox-trigger\"\n\t\t\ttype=\"button\"\n\t\t\taria-haspopup=\"dialog\"\n\t\t\taria-label=\"Agrandar\"\n\t\t\tdata-wp-init=\"callbacks.initTriggerButton\"\n\t\t\tdata-wp-on--click=\"actions.showLightbox\"\n\t\t\tdata-wp-style--right=\"state.imageButtonRight\"\n\t\t\tdata-wp-style--top=\"state.imageButtonTop\"\n\t\t>\n\t\t\t<svg xmlns=\"http:\/\/www.w3.org\/2000\/svg\" width=\"12\" height=\"12\" fill=\"none\" viewBox=\"0 0 12 12\">\n\t\t\t\t<path fill=\"#fff\" d=\"M2 0a2 2 0 0 0-2 2v2h1.5V2a.5.5 0 0 1 .5-.5h2V0H2Zm2 10.5H2a.5.5 0 0 1-.5-.5V8H0v2a2 2 0 0 0 2 2h2v-1.5ZM8 12v-1.5h2a.5.5 0 0 0 .5-.5V8H12v2a2 2 0 0 1-2 2H8Zm2-12a2 2 0 0 1 2 2v2h-1.5V2a.5.5 0 0 0-.5-.5H8V0h2Z\" \/>\n\t\t\t<\/svg>\n\t\t<\/button><\/figure>\n<\/figure>\n","protected":false},"excerpt":{"rendered":"<p>\u00c9sta Sesi\u00f3n de Fotos, est\u00e1 pensada para que retrates el crecimiento de tus hijos\/as, a\u00f1o a a\u00f1o, a partir de los 24 meses. Son din\u00e1micas, divertidas y espont\u00e1neas para los m\u00e1s peque\u00f1os; y un poco m\u00e1s dirigidas para los m\u00e1s grandes, con ellos\/as planeamos juntos la Sesi\u00f3n!. Uso muy pocos accesorios, para que sean los ni\u00f1os\/as, quienes tengan todo el protagonismo. \u00bfC\u00d3MO ES LA SESI\u00d3N? Tiene una duraci\u00f3n estimada de 60 minutos; respeto los tiempos de tu ni\u00f1o\/a. Tenemos una entrevista previa, donde definimos los detalles del set, el vestuario, y la din\u00e1mica de trabajo. Logro las poses, a trav\u00e9s del juego, la conversaci\u00f3n, y t\u00e9cnicas teatrales. El d\u00eda de las fotos, todo estar\u00e1 listo, para comenzar, sin demoras. CANTIDAD DE FOTOS Y ENTREGA Te entrego 15 fotos editadas, en alta calidad. Realizo fotos s\u00f3lo de tu ni\u00f1o\/a. Tendr\u00e1s la posibilidad de agregar, de manera opcional, fotos extras al paquete; as\u00ed como tambi\u00e9n, productos impresos: fotolibros, contenedores de fotos, fotocuadros, impresiones, \u00a1y m\u00e1s!. VESTUARIO Se realizan 2 cambios de vestuario, no inclu\u00eddo. Te asesoro respecto de cu\u00e1l es el m\u00e1s adecuado, para tu Sesi\u00f3n. El Estudio cuenta con cambiador, elementos de aseo, y accesorios para el cabello. Maquillaje y peinado opcional, muy recomendable para las ni\u00f1as, a partir de los 6 a\u00f1os. FORMA DE TRABAJO Dentro de las 72hs posteriores a la realizaci\u00f3n de la Sesi\u00f3n de Fotos, recibir\u00e1s un muestrario, con todas las fotograf\u00edas, sin editar, con marca de agua, para que hagas la selecci\u00f3n, de las fotos finalistas. Una vez elegidas, deber\u00e1s enviarme los n\u00fameros por E-Mail o por Whatsapp; all\u00ed comienzo el proceso de edici\u00f3n, que puede demorar de 10 a 15 d\u00edas FORMA DE PAGO Y ENTREGA El material final editado, se entrega v\u00eda We Transfer o Google Drive, con link de descarga. Podr\u00e1s abonar con dep\u00f3sito o transferencia bancaria, 50% para reserva de la fecha, 50% hasta 24hs antes de la Sesi\u00f3n. Todos los precios, est\u00e1n sujetos a cambios sin previo aviso NOTA: Ante la existencia de alg\u00fan hecho que impidiera la realizaci\u00f3n de la sesi\u00f3n contratada en la fecha prevista, la se\u00f1a abonada ser\u00e1 imputada a la realizaci\u00f3n de futura sesi\u00f3n dentro de los 12 meses posteriores a la fecha de pago de la misma y a cuenta de precio vigente de dicha sesi\u00f3n al momento de realizarse.<\/p>\n","protected":false},"author":1,"featured_media":0,"parent":0,"menu_order":0,"comment_status":"closed","ping_status":"open","template":"","meta":{"footnotes":""},"class_list":["post-40","page","type-page","status-publish","hentry"],"_links":{"self":[{"href":"https:\/\/pauca.com.ar\/index.php?rest_route=\/wp\/v2\/pages\/40","targetHints":{"allow":["GET"]}}],"collection":[{"href":"https:\/\/pauca.com.ar\/index.php?rest_route=\/wp\/v2\/pages"}],"about":[{"href":"https:\/\/pauca.com.ar\/index.php?rest_route=\/wp\/v2\/types\/page"}],"author":[{"embeddable":true,"href":"https:\/\/pauca.com.ar\/index.php?rest_route=\/wp\/v2\/users\/1"}],"replies":[{"embeddable":true,"href":"https:\/\/pauca.com.ar\/index.php?rest_route=%2Fwp%2Fv2%2Fcomments&post=40"}],"version-history":[{"count":4,"href":"https:\/\/pauca.com.ar\/index.php?rest_route=\/wp\/v2\/pages\/40\/revisions"}],"predecessor-version":[{"id":247,"href":"https:\/\/pauca.com.ar\/index.php?rest_route=\/wp\/v2\/pages\/40\/revisions\/247"}],"wp:attachment":[{"href":"https:\/\/pauca.com.ar\/index.php?rest_route=%2Fwp%2Fv2%2Fmedia&parent=40"}],"curies":[{"name":"wp","href":"https:\/\/api.w.org\/{rel}","templated":true}]}}