{"id":33,"date":"2024-02-25T22:27:07","date_gmt":"2024-02-25T22:27:07","guid":{"rendered":"https:\/\/pauca.com.ar\/?page_id=33"},"modified":"2024-03-11T21:52:28","modified_gmt":"2024-03-11T21:52:28","slug":"mini-babybaby","status":"publish","type":"page","link":"https:\/\/pauca.com.ar\/?page_id=33","title":{"rendered":"Mini Baby &#038; Baby"},"content":{"rendered":"\n<p>La Sesi\u00f3n de Fotos MINI BABY, se realiza entre los 3 y los 6 meses de vida de tu beb\u00e9. Es ideal si no realizaste una Sesi\u00f3n Newborn (reci\u00e9n nacido), para comenzar&nbsp; retratar su crecimiento!. Tendr\u00e1s fotos de sus primeras sonrisas,e interacciones con el mundo que le rodea.La Sesi\u00f3n de Fotos BABY, se realiza entre los 6 y los 10 meses de vida de tu beb\u00e9. Es un hermoso momento para retratar, ya comienza a sentarse solito\/a, no deja de bailar al ritmo de la m\u00fasica, y de regalar bellas sonrisas!.<\/p>\n\n\n\n<p>\u00bfC\u00d3MO ES LA SESI\u00d3N?<\/p>\n\n\n\n<p>Tiene una duraci\u00f3n estimada de 60 minutos; respeto los tiempos de tu beb\u00e9. Tenemos una entrevista previa, donde definimos los detalles del set, el vestuario, y la din\u00e1mica de trabajo. Tu beb\u00e9 tiene todo el protagonismo, por lo que utilizo pocos accesorios, en concordancia con los colores elegidos para la Sesi\u00f3n.<\/p>\n\n\n\n<p>El d\u00eda de las fotos, todo estar\u00e1 listo,para comenzar, sin demoras.<\/p>\n\n\n\n<p>CANTIDAD DE FOTOS Y ENTREGA<\/p>\n\n\n\n<p>Te entrego 15 fotos editadas, en alta calidad. Realizo s\u00f3lo fotos del\/la beb\u00e9.<\/p>\n\n\n\n<p>Tendr\u00e1s la posibilidad de agregar, de manera opcional, fotos extras al paquete; as\u00ed como tambi\u00e9n, productos impresos: fotolibros, contenedores de fotos, fotocuadros, impresiones, \u00a1y m\u00e1s!.<\/p>\n\n\n\n<p>VESTUARIO<\/p>\n\n\n\n<p>Se incluyen 2 cambios de vestuario, que podr\u00e1s elegir,en la entrevista previa. El Estudio cuenta con cambiador y elementos de aseo para el\/la beb\u00e9.<\/p>\n\n\n\n<p>FORMA DE TRABAJO<\/p>\n\n\n\n<p>Dentro de las 72hs posteriores a la realizaci\u00f3n de la Sesi\u00f3n de Fotos, recibir\u00e1s un muestrario, con todas las fotograf\u00edas, sin editar, con marca de agua, para que hagas la selecci\u00f3n, de las fotos finalistas.<\/p>\n\n\n\n<p>Una vez elegidas, deber\u00e1s enviarme los n\u00fameros por E-Mail o por Whatsapp; all\u00ed comienzo el proceso de edici\u00f3n, que puede demorar de 10 a 15 d\u00edas<\/p>\n\n\n\n<p>FORMA DE PAGO Y ENTREGA<\/p>\n\n\n\n<p>El material final editado, se entrega v\u00eda We Transfer o Google Drive, con link de descarga.<\/p>\n\n\n\n<p>Podr\u00e1s abonar con dep\u00f3sito o transferencia bancaria, 50% para reserva de la fecha, 50% hasta 24hs antes de la Sesi\u00f3n.<\/p>\n\n\n\n<p><em>Todos los precios, est\u00e1n sujetos a cambios sin previo aviso<\/em><\/p>\n\n\n\n<p><strong>NOTA: Ante la existencia de alg\u00fan hecho que impidiera la realizaci\u00f3n de la sesi\u00f3n contratada en la fecha prevista, la se\u00f1a abonada ser\u00e1 imputada a la realizaci\u00f3n de futura sesi\u00f3n dentro de los 12 meses posteriores a la fecha de pago de la misma y a cuenta de precio vigente de dicha sesi\u00f3n al momento de realizarse.<\/strong><\/p>\n\n\n\n<figure class=\"wp-block-gallery has-nested-images columns-3 is-cropped wp-block-gallery-1 is-layout-flex wp-block-gallery-is-layout-flex\">\n<figure data-wp-context=\"{&quot;imageId&quot;:&quot;69e3888929357&quot;}\" data-wp-interactive=\"core\/image\" data-wp-key=\"69e3888929357\" class=\"wp-block-image size-large wp-lightbox-container\"><img loading=\"lazy\" decoding=\"async\" width=\"1024\" height=\"683\" data-wp-class--hide=\"state.isContentHidden\" data-wp-class--show=\"state.isContentVisible\" data-wp-init=\"callbacks.setButtonStyles\" data-wp-on--click=\"actions.showLightbox\" data-wp-on--load=\"callbacks.setButtonStyles\" data-wp-on-window--resize=\"callbacks.setButtonStyles\" data-id=\"76\" src=\"https:\/\/pauca.com.ar\/wp-content\/uploads\/2024\/03\/1H8A1344A-1024x683.jpg\" alt=\"\" class=\"wp-image-76\" srcset=\"https:\/\/pauca.com.ar\/wp-content\/uploads\/2024\/03\/1H8A1344A-1024x683.jpg 1024w, https:\/\/pauca.com.ar\/wp-content\/uploads\/2024\/03\/1H8A1344A-300x200.jpg 300w, https:\/\/pauca.com.ar\/wp-content\/uploads\/2024\/03\/1H8A1344A-768x512.jpg 768w, https:\/\/pauca.com.ar\/wp-content\/uploads\/2024\/03\/1H8A1344A-1536x1024.jpg 1536w, https:\/\/pauca.com.ar\/wp-content\/uploads\/2024\/03\/1H8A1344A-1140x760.jpg 1140w, https:\/\/pauca.com.ar\/wp-content\/uploads\/2024\/03\/1H8A1344A.jpg 2048w\" sizes=\"auto, (max-width: 1024px) 100vw, 1024px\" \/><button\n\t\t\tclass=\"lightbox-trigger\"\n\t\t\ttype=\"button\"\n\t\t\taria-haspopup=\"dialog\"\n\t\t\taria-label=\"Agrandar\"\n\t\t\tdata-wp-init=\"callbacks.initTriggerButton\"\n\t\t\tdata-wp-on--click=\"actions.showLightbox\"\n\t\t\tdata-wp-style--right=\"state.imageButtonRight\"\n\t\t\tdata-wp-style--top=\"state.imageButtonTop\"\n\t\t>\n\t\t\t<svg xmlns=\"http:\/\/www.w3.org\/2000\/svg\" width=\"12\" height=\"12\" fill=\"none\" viewBox=\"0 0 12 12\">\n\t\t\t\t<path fill=\"#fff\" d=\"M2 0a2 2 0 0 0-2 2v2h1.5V2a.5.5 0 0 1 .5-.5h2V0H2Zm2 10.5H2a.5.5 0 0 1-.5-.5V8H0v2a2 2 0 0 0 2 2h2v-1.5ZM8 12v-1.5h2a.5.5 0 0 0 .5-.5V8H12v2a2 2 0 0 1-2 2H8Zm2-12a2 2 0 0 1 2 2v2h-1.5V2a.5.5 0 0 0-.5-.5H8V0h2Z\" \/>\n\t\t\t<\/svg>\n\t\t<\/button><\/figure>\n\n\n\n<figure data-wp-context=\"{&quot;imageId&quot;:&quot;69e388892a045&quot;}\" data-wp-interactive=\"core\/image\" data-wp-key=\"69e388892a045\" class=\"wp-block-image size-large wp-lightbox-container\"><img loading=\"lazy\" decoding=\"async\" width=\"1024\" height=\"683\" data-wp-class--hide=\"state.isContentHidden\" data-wp-class--show=\"state.isContentVisible\" data-wp-init=\"callbacks.setButtonStyles\" data-wp-on--click=\"actions.showLightbox\" data-wp-on--load=\"callbacks.setButtonStyles\" data-wp-on-window--resize=\"callbacks.setButtonStyles\" data-id=\"77\" src=\"https:\/\/pauca.com.ar\/wp-content\/uploads\/2024\/03\/1H8A1524A-1024x683.jpg\" alt=\"\" class=\"wp-image-77\" srcset=\"https:\/\/pauca.com.ar\/wp-content\/uploads\/2024\/03\/1H8A1524A-1024x683.jpg 1024w, https:\/\/pauca.com.ar\/wp-content\/uploads\/2024\/03\/1H8A1524A-300x200.jpg 300w, https:\/\/pauca.com.ar\/wp-content\/uploads\/2024\/03\/1H8A1524A-768x512.jpg 768w, https:\/\/pauca.com.ar\/wp-content\/uploads\/2024\/03\/1H8A1524A-1536x1024.jpg 1536w, https:\/\/pauca.com.ar\/wp-content\/uploads\/2024\/03\/1H8A1524A-1140x760.jpg 1140w, https:\/\/pauca.com.ar\/wp-content\/uploads\/2024\/03\/1H8A1524A.jpg 2048w\" sizes=\"auto, (max-width: 1024px) 100vw, 1024px\" \/><button\n\t\t\tclass=\"lightbox-trigger\"\n\t\t\ttype=\"button\"\n\t\t\taria-haspopup=\"dialog\"\n\t\t\taria-label=\"Agrandar\"\n\t\t\tdata-wp-init=\"callbacks.initTriggerButton\"\n\t\t\tdata-wp-on--click=\"actions.showLightbox\"\n\t\t\tdata-wp-style--right=\"state.imageButtonRight\"\n\t\t\tdata-wp-style--top=\"state.imageButtonTop\"\n\t\t>\n\t\t\t<svg xmlns=\"http:\/\/www.w3.org\/2000\/svg\" width=\"12\" height=\"12\" fill=\"none\" viewBox=\"0 0 12 12\">\n\t\t\t\t<path fill=\"#fff\" d=\"M2 0a2 2 0 0 0-2 2v2h1.5V2a.5.5 0 0 1 .5-.5h2V0H2Zm2 10.5H2a.5.5 0 0 1-.5-.5V8H0v2a2 2 0 0 0 2 2h2v-1.5ZM8 12v-1.5h2a.5.5 0 0 0 .5-.5V8H12v2a2 2 0 0 1-2 2H8Zm2-12a2 2 0 0 1 2 2v2h-1.5V2a.5.5 0 0 0-.5-.5H8V0h2Z\" \/>\n\t\t\t<\/svg>\n\t\t<\/button><\/figure>\n\n\n\n<figure data-wp-context=\"{&quot;imageId&quot;:&quot;69e388892a9b9&quot;}\" data-wp-interactive=\"core\/image\" data-wp-key=\"69e388892a9b9\" class=\"wp-block-image size-large wp-lightbox-container\"><img loading=\"lazy\" decoding=\"async\" width=\"768\" height=\"1024\" data-wp-class--hide=\"state.isContentHidden\" data-wp-class--show=\"state.isContentVisible\" data-wp-init=\"callbacks.setButtonStyles\" data-wp-on--click=\"actions.showLightbox\" data-wp-on--load=\"callbacks.setButtonStyles\" data-wp-on-window--resize=\"callbacks.setButtonStyles\" data-id=\"78\" src=\"https:\/\/pauca.com.ar\/wp-content\/uploads\/2024\/03\/1H8A7019A-copia-768x1024.jpg\" alt=\"\" class=\"wp-image-78\" srcset=\"https:\/\/pauca.com.ar\/wp-content\/uploads\/2024\/03\/1H8A7019A-copia-768x1024.jpg 768w, https:\/\/pauca.com.ar\/wp-content\/uploads\/2024\/03\/1H8A7019A-copia-225x300.jpg 225w, https:\/\/pauca.com.ar\/wp-content\/uploads\/2024\/03\/1H8A7019A-copia-1152x1536.jpg 1152w, https:\/\/pauca.com.ar\/wp-content\/uploads\/2024\/03\/1H8A7019A-copia-1140x1520.jpg 1140w, https:\/\/pauca.com.ar\/wp-content\/uploads\/2024\/03\/1H8A7019A-copia.jpg 1536w\" sizes=\"auto, (max-width: 768px) 100vw, 768px\" \/><button\n\t\t\tclass=\"lightbox-trigger\"\n\t\t\ttype=\"button\"\n\t\t\taria-haspopup=\"dialog\"\n\t\t\taria-label=\"Agrandar\"\n\t\t\tdata-wp-init=\"callbacks.initTriggerButton\"\n\t\t\tdata-wp-on--click=\"actions.showLightbox\"\n\t\t\tdata-wp-style--right=\"state.imageButtonRight\"\n\t\t\tdata-wp-style--top=\"state.imageButtonTop\"\n\t\t>\n\t\t\t<svg xmlns=\"http:\/\/www.w3.org\/2000\/svg\" width=\"12\" height=\"12\" fill=\"none\" viewBox=\"0 0 12 12\">\n\t\t\t\t<path fill=\"#fff\" d=\"M2 0a2 2 0 0 0-2 2v2h1.5V2a.5.5 0 0 1 .5-.5h2V0H2Zm2 10.5H2a.5.5 0 0 1-.5-.5V8H0v2a2 2 0 0 0 2 2h2v-1.5ZM8 12v-1.5h2a.5.5 0 0 0 .5-.5V8H12v2a2 2 0 0 1-2 2H8Zm2-12a2 2 0 0 1 2 2v2h-1.5V2a.5.5 0 0 0-.5-.5H8V0h2Z\" \/>\n\t\t\t<\/svg>\n\t\t<\/button><\/figure>\n\n\n\n<figure data-wp-context=\"{&quot;imageId&quot;:&quot;69e388892b646&quot;}\" data-wp-interactive=\"core\/image\" data-wp-key=\"69e388892b646\" class=\"wp-block-image size-large wp-lightbox-container\"><img loading=\"lazy\" decoding=\"async\" width=\"683\" height=\"1024\" data-wp-class--hide=\"state.isContentHidden\" data-wp-class--show=\"state.isContentVisible\" data-wp-init=\"callbacks.setButtonStyles\" data-wp-on--click=\"actions.showLightbox\" data-wp-on--load=\"callbacks.setButtonStyles\" data-wp-on-window--resize=\"callbacks.setButtonStyles\" data-id=\"79\" src=\"https:\/\/pauca.com.ar\/wp-content\/uploads\/2024\/03\/1H8A7156A-683x1024.jpg\" alt=\"\" class=\"wp-image-79\" srcset=\"https:\/\/pauca.com.ar\/wp-content\/uploads\/2024\/03\/1H8A7156A-683x1024.jpg 683w, https:\/\/pauca.com.ar\/wp-content\/uploads\/2024\/03\/1H8A7156A-200x300.jpg 200w, https:\/\/pauca.com.ar\/wp-content\/uploads\/2024\/03\/1H8A7156A-768x1152.jpg 768w, https:\/\/pauca.com.ar\/wp-content\/uploads\/2024\/03\/1H8A7156A-1024x1536.jpg 1024w, https:\/\/pauca.com.ar\/wp-content\/uploads\/2024\/03\/1H8A7156A-1140x1710.jpg 1140w, https:\/\/pauca.com.ar\/wp-content\/uploads\/2024\/03\/1H8A7156A.jpg 1365w\" sizes=\"auto, (max-width: 683px) 100vw, 683px\" \/><button\n\t\t\tclass=\"lightbox-trigger\"\n\t\t\ttype=\"button\"\n\t\t\taria-haspopup=\"dialog\"\n\t\t\taria-label=\"Agrandar\"\n\t\t\tdata-wp-init=\"callbacks.initTriggerButton\"\n\t\t\tdata-wp-on--click=\"actions.showLightbox\"\n\t\t\tdata-wp-style--right=\"state.imageButtonRight\"\n\t\t\tdata-wp-style--top=\"state.imageButtonTop\"\n\t\t>\n\t\t\t<svg xmlns=\"http:\/\/www.w3.org\/2000\/svg\" width=\"12\" height=\"12\" fill=\"none\" viewBox=\"0 0 12 12\">\n\t\t\t\t<path fill=\"#fff\" d=\"M2 0a2 2 0 0 0-2 2v2h1.5V2a.5.5 0 0 1 .5-.5h2V0H2Zm2 10.5H2a.5.5 0 0 1-.5-.5V8H0v2a2 2 0 0 0 2 2h2v-1.5ZM8 12v-1.5h2a.5.5 0 0 0 .5-.5V8H12v2a2 2 0 0 1-2 2H8Zm2-12a2 2 0 0 1 2 2v2h-1.5V2a.5.5 0 0 0-.5-.5H8V0h2Z\" \/>\n\t\t\t<\/svg>\n\t\t<\/button><\/figure>\n\n\n\n<figure data-wp-context=\"{&quot;imageId&quot;:&quot;69e388892ceb5&quot;}\" data-wp-interactive=\"core\/image\" data-wp-key=\"69e388892ceb5\" class=\"wp-block-image size-large wp-lightbox-container\"><img loading=\"lazy\" decoding=\"async\" width=\"683\" height=\"1024\" data-wp-class--hide=\"state.isContentHidden\" data-wp-class--show=\"state.isContentVisible\" data-wp-init=\"callbacks.setButtonStyles\" data-wp-on--click=\"actions.showLightbox\" data-wp-on--load=\"callbacks.setButtonStyles\" data-wp-on-window--resize=\"callbacks.setButtonStyles\" data-id=\"180\" src=\"https:\/\/pauca.com.ar\/wp-content\/uploads\/2024\/03\/SF3A7200A-copia-2-683x1024.jpg\" alt=\"\" class=\"wp-image-180\" srcset=\"https:\/\/pauca.com.ar\/wp-content\/uploads\/2024\/03\/SF3A7200A-copia-2-683x1024.jpg 683w, https:\/\/pauca.com.ar\/wp-content\/uploads\/2024\/03\/SF3A7200A-copia-2-200x300.jpg 200w, https:\/\/pauca.com.ar\/wp-content\/uploads\/2024\/03\/SF3A7200A-copia-2-768x1152.jpg 768w, https:\/\/pauca.com.ar\/wp-content\/uploads\/2024\/03\/SF3A7200A-copia-2.jpg 910w\" sizes=\"auto, (max-width: 683px) 100vw, 683px\" \/><button\n\t\t\tclass=\"lightbox-trigger\"\n\t\t\ttype=\"button\"\n\t\t\taria-haspopup=\"dialog\"\n\t\t\taria-label=\"Agrandar\"\n\t\t\tdata-wp-init=\"callbacks.initTriggerButton\"\n\t\t\tdata-wp-on--click=\"actions.showLightbox\"\n\t\t\tdata-wp-style--right=\"state.imageButtonRight\"\n\t\t\tdata-wp-style--top=\"state.imageButtonTop\"\n\t\t>\n\t\t\t<svg xmlns=\"http:\/\/www.w3.org\/2000\/svg\" width=\"12\" height=\"12\" fill=\"none\" viewBox=\"0 0 12 12\">\n\t\t\t\t<path fill=\"#fff\" d=\"M2 0a2 2 0 0 0-2 2v2h1.5V2a.5.5 0 0 1 .5-.5h2V0H2Zm2 10.5H2a.5.5 0 0 1-.5-.5V8H0v2a2 2 0 0 0 2 2h2v-1.5ZM8 12v-1.5h2a.5.5 0 0 0 .5-.5V8H12v2a2 2 0 0 1-2 2H8Zm2-12a2 2 0 0 1 2 2v2h-1.5V2a.5.5 0 0 0-.5-.5H8V0h2Z\" \/>\n\t\t\t<\/svg>\n\t\t<\/button><\/figure>\n\n\n\n<figure data-wp-context=\"{&quot;imageId&quot;:&quot;69e388892deec&quot;}\" data-wp-interactive=\"core\/image\" data-wp-key=\"69e388892deec\" class=\"wp-block-image size-large wp-lightbox-container\"><img loading=\"lazy\" decoding=\"async\" width=\"1024\" height=\"683\" data-wp-class--hide=\"state.isContentHidden\" data-wp-class--show=\"state.isContentVisible\" data-wp-init=\"callbacks.setButtonStyles\" data-wp-on--click=\"actions.showLightbox\" data-wp-on--load=\"callbacks.setButtonStyles\" data-wp-on-window--resize=\"callbacks.setButtonStyles\" data-id=\"81\" src=\"https:\/\/pauca.com.ar\/wp-content\/uploads\/2024\/03\/SF3A8653A1-1024x683.jpg\" alt=\"\" class=\"wp-image-81\" srcset=\"https:\/\/pauca.com.ar\/wp-content\/uploads\/2024\/03\/SF3A8653A1-1024x683.jpg 1024w, https:\/\/pauca.com.ar\/wp-content\/uploads\/2024\/03\/SF3A8653A1-300x200.jpg 300w, https:\/\/pauca.com.ar\/wp-content\/uploads\/2024\/03\/SF3A8653A1-768x512.jpg 768w, https:\/\/pauca.com.ar\/wp-content\/uploads\/2024\/03\/SF3A8653A1-1536x1024.jpg 1536w, https:\/\/pauca.com.ar\/wp-content\/uploads\/2024\/03\/SF3A8653A1-1140x760.jpg 1140w, https:\/\/pauca.com.ar\/wp-content\/uploads\/2024\/03\/SF3A8653A1.jpg 2048w\" sizes=\"auto, (max-width: 1024px) 100vw, 1024px\" \/><button\n\t\t\tclass=\"lightbox-trigger\"\n\t\t\ttype=\"button\"\n\t\t\taria-haspopup=\"dialog\"\n\t\t\taria-label=\"Agrandar\"\n\t\t\tdata-wp-init=\"callbacks.initTriggerButton\"\n\t\t\tdata-wp-on--click=\"actions.showLightbox\"\n\t\t\tdata-wp-style--right=\"state.imageButtonRight\"\n\t\t\tdata-wp-style--top=\"state.imageButtonTop\"\n\t\t>\n\t\t\t<svg xmlns=\"http:\/\/www.w3.org\/2000\/svg\" width=\"12\" height=\"12\" fill=\"none\" viewBox=\"0 0 12 12\">\n\t\t\t\t<path fill=\"#fff\" d=\"M2 0a2 2 0 0 0-2 2v2h1.5V2a.5.5 0 0 1 .5-.5h2V0H2Zm2 10.5H2a.5.5 0 0 1-.5-.5V8H0v2a2 2 0 0 0 2 2h2v-1.5ZM8 12v-1.5h2a.5.5 0 0 0 .5-.5V8H12v2a2 2 0 0 1-2 2H8Zm2-12a2 2 0 0 1 2 2v2h-1.5V2a.5.5 0 0 0-.5-.5H8V0h2Z\" \/>\n\t\t\t<\/svg>\n\t\t<\/button><\/figure>\n\n\n\n<figure data-wp-context=\"{&quot;imageId&quot;:&quot;69e388892ef5c&quot;}\" data-wp-interactive=\"core\/image\" data-wp-key=\"69e388892ef5c\" class=\"wp-block-image size-large wp-lightbox-container\"><img loading=\"lazy\" decoding=\"async\" width=\"1024\" height=\"683\" data-wp-class--hide=\"state.isContentHidden\" data-wp-class--show=\"state.isContentVisible\" data-wp-init=\"callbacks.setButtonStyles\" data-wp-on--click=\"actions.showLightbox\" data-wp-on--load=\"callbacks.setButtonStyles\" data-wp-on-window--resize=\"callbacks.setButtonStyles\" data-id=\"82\" src=\"https:\/\/pauca.com.ar\/wp-content\/uploads\/2024\/03\/SF3A9748AR-1024x683.jpg\" alt=\"\" class=\"wp-image-82\" srcset=\"https:\/\/pauca.com.ar\/wp-content\/uploads\/2024\/03\/SF3A9748AR-1024x683.jpg 1024w, https:\/\/pauca.com.ar\/wp-content\/uploads\/2024\/03\/SF3A9748AR-300x200.jpg 300w, https:\/\/pauca.com.ar\/wp-content\/uploads\/2024\/03\/SF3A9748AR-768x512.jpg 768w, https:\/\/pauca.com.ar\/wp-content\/uploads\/2024\/03\/SF3A9748AR-1536x1024.jpg 1536w, https:\/\/pauca.com.ar\/wp-content\/uploads\/2024\/03\/SF3A9748AR-1140x760.jpg 1140w, https:\/\/pauca.com.ar\/wp-content\/uploads\/2024\/03\/SF3A9748AR.jpg 2048w\" sizes=\"auto, (max-width: 1024px) 100vw, 1024px\" \/><button\n\t\t\tclass=\"lightbox-trigger\"\n\t\t\ttype=\"button\"\n\t\t\taria-haspopup=\"dialog\"\n\t\t\taria-label=\"Agrandar\"\n\t\t\tdata-wp-init=\"callbacks.initTriggerButton\"\n\t\t\tdata-wp-on--click=\"actions.showLightbox\"\n\t\t\tdata-wp-style--right=\"state.imageButtonRight\"\n\t\t\tdata-wp-style--top=\"state.imageButtonTop\"\n\t\t>\n\t\t\t<svg xmlns=\"http:\/\/www.w3.org\/2000\/svg\" width=\"12\" height=\"12\" fill=\"none\" viewBox=\"0 0 12 12\">\n\t\t\t\t<path fill=\"#fff\" d=\"M2 0a2 2 0 0 0-2 2v2h1.5V2a.5.5 0 0 1 .5-.5h2V0H2Zm2 10.5H2a.5.5 0 0 1-.5-.5V8H0v2a2 2 0 0 0 2 2h2v-1.5ZM8 12v-1.5h2a.5.5 0 0 0 .5-.5V8H12v2a2 2 0 0 1-2 2H8Zm2-12a2 2 0 0 1 2 2v2h-1.5V2a.5.5 0 0 0-.5-.5H8V0h2Z\" \/>\n\t\t\t<\/svg>\n\t\t<\/button><\/figure>\n\n\n\n<figure data-wp-context=\"{&quot;imageId&quot;:&quot;69e38889300cb&quot;}\" data-wp-interactive=\"core\/image\" data-wp-key=\"69e38889300cb\" class=\"wp-block-image size-large wp-lightbox-container\"><img loading=\"lazy\" decoding=\"async\" width=\"683\" height=\"1024\" data-wp-class--hide=\"state.isContentHidden\" data-wp-class--show=\"state.isContentVisible\" data-wp-init=\"callbacks.setButtonStyles\" data-wp-on--click=\"actions.showLightbox\" data-wp-on--load=\"callbacks.setButtonStyles\" data-wp-on-window--resize=\"callbacks.setButtonStyles\" data-id=\"83\" src=\"https:\/\/pauca.com.ar\/wp-content\/uploads\/2024\/03\/SF3A9794A-683x1024.jpg\" alt=\"\" class=\"wp-image-83\" srcset=\"https:\/\/pauca.com.ar\/wp-content\/uploads\/2024\/03\/SF3A9794A-683x1024.jpg 683w, https:\/\/pauca.com.ar\/wp-content\/uploads\/2024\/03\/SF3A9794A-200x300.jpg 200w, https:\/\/pauca.com.ar\/wp-content\/uploads\/2024\/03\/SF3A9794A-768x1152.jpg 768w, https:\/\/pauca.com.ar\/wp-content\/uploads\/2024\/03\/SF3A9794A-1024x1536.jpg 1024w, https:\/\/pauca.com.ar\/wp-content\/uploads\/2024\/03\/SF3A9794A-1140x1710.jpg 1140w, https:\/\/pauca.com.ar\/wp-content\/uploads\/2024\/03\/SF3A9794A.jpg 1365w\" sizes=\"auto, (max-width: 683px) 100vw, 683px\" \/><button\n\t\t\tclass=\"lightbox-trigger\"\n\t\t\ttype=\"button\"\n\t\t\taria-haspopup=\"dialog\"\n\t\t\taria-label=\"Agrandar\"\n\t\t\tdata-wp-init=\"callbacks.initTriggerButton\"\n\t\t\tdata-wp-on--click=\"actions.showLightbox\"\n\t\t\tdata-wp-style--right=\"state.imageButtonRight\"\n\t\t\tdata-wp-style--top=\"state.imageButtonTop\"\n\t\t>\n\t\t\t<svg xmlns=\"http:\/\/www.w3.org\/2000\/svg\" width=\"12\" height=\"12\" fill=\"none\" viewBox=\"0 0 12 12\">\n\t\t\t\t<path fill=\"#fff\" d=\"M2 0a2 2 0 0 0-2 2v2h1.5V2a.5.5 0 0 1 .5-.5h2V0H2Zm2 10.5H2a.5.5 0 0 1-.5-.5V8H0v2a2 2 0 0 0 2 2h2v-1.5ZM8 12v-1.5h2a.5.5 0 0 0 .5-.5V8H12v2a2 2 0 0 1-2 2H8Zm2-12a2 2 0 0 1 2 2v2h-1.5V2a.5.5 0 0 0-.5-.5H8V0h2Z\" \/>\n\t\t\t<\/svg>\n\t\t<\/button><\/figure>\n<\/figure>\n","protected":false},"excerpt":{"rendered":"<p>La Sesi\u00f3n de Fotos MINI BABY, se realiza entre los 3 y los 6 meses de vida de tu beb\u00e9. Es ideal si no realizaste una Sesi\u00f3n Newborn (reci\u00e9n nacido), para comenzar&nbsp; retratar su crecimiento!. Tendr\u00e1s fotos de sus primeras sonrisas,e interacciones con el mundo que le rodea.La Sesi\u00f3n de Fotos BABY, se realiza entre los 6 y los 10 meses de vida de tu beb\u00e9. Es un hermoso momento para retratar, ya comienza a sentarse solito\/a, no deja de bailar al ritmo de la m\u00fasica, y de regalar bellas sonrisas!. \u00bfC\u00d3MO ES LA SESI\u00d3N? Tiene una duraci\u00f3n estimada de 60 minutos; respeto los tiempos de tu beb\u00e9. Tenemos una entrevista previa, donde definimos los detalles del set, el vestuario, y la din\u00e1mica de trabajo. Tu beb\u00e9 tiene todo el protagonismo, por lo que utilizo pocos accesorios, en concordancia con los colores elegidos para la Sesi\u00f3n. El d\u00eda de las fotos, todo estar\u00e1 listo,para comenzar, sin demoras. CANTIDAD DE FOTOS Y ENTREGA Te entrego 15 fotos editadas, en alta calidad. Realizo s\u00f3lo fotos del\/la beb\u00e9. Tendr\u00e1s la posibilidad de agregar, de manera opcional, fotos extras al paquete; as\u00ed como tambi\u00e9n, productos impresos: fotolibros, contenedores de fotos, fotocuadros, impresiones, \u00a1y m\u00e1s!. VESTUARIO Se incluyen 2 cambios de vestuario, que podr\u00e1s elegir,en la entrevista previa. El Estudio cuenta con cambiador y elementos de aseo para el\/la beb\u00e9. FORMA DE TRABAJO Dentro de las 72hs posteriores a la realizaci\u00f3n de la Sesi\u00f3n de Fotos, recibir\u00e1s un muestrario, con todas las fotograf\u00edas, sin editar, con marca de agua, para que hagas la selecci\u00f3n, de las fotos finalistas. Una vez elegidas, deber\u00e1s enviarme los n\u00fameros por E-Mail o por Whatsapp; all\u00ed comienzo el proceso de edici\u00f3n, que puede demorar de 10 a 15 d\u00edas FORMA DE PAGO Y ENTREGA El material final editado, se entrega v\u00eda We Transfer o Google Drive, con link de descarga. Podr\u00e1s abonar con dep\u00f3sito o transferencia bancaria, 50% para reserva de la fecha, 50% hasta 24hs antes de la Sesi\u00f3n. Todos los precios, est\u00e1n sujetos a cambios sin previo aviso NOTA: Ante la existencia de alg\u00fan hecho que impidiera la realizaci\u00f3n de la sesi\u00f3n contratada en la fecha prevista, la se\u00f1a abonada ser\u00e1 imputada a la realizaci\u00f3n de futura sesi\u00f3n dentro de los 12 meses posteriores a la fecha de pago de la misma y a cuenta de precio vigente de dicha sesi\u00f3n al momento de realizarse.<\/p>\n","protected":false},"author":1,"featured_media":0,"parent":0,"menu_order":0,"comment_status":"closed","ping_status":"open","template":"","meta":{"footnotes":""},"class_list":["post-33","page","type-page","status-publish","hentry"],"_links":{"self":[{"href":"https:\/\/pauca.com.ar\/index.php?rest_route=\/wp\/v2\/pages\/33","targetHints":{"allow":["GET"]}}],"collection":[{"href":"https:\/\/pauca.com.ar\/index.php?rest_route=\/wp\/v2\/pages"}],"about":[{"href":"https:\/\/pauca.com.ar\/index.php?rest_route=\/wp\/v2\/types\/page"}],"author":[{"embeddable":true,"href":"https:\/\/pauca.com.ar\/index.php?rest_route=\/wp\/v2\/users\/1"}],"replies":[{"embeddable":true,"href":"https:\/\/pauca.com.ar\/index.php?rest_route=%2Fwp%2Fv2%2Fcomments&post=33"}],"version-history":[{"count":7,"href":"https:\/\/pauca.com.ar\/index.php?rest_route=\/wp\/v2\/pages\/33\/revisions"}],"predecessor-version":[{"id":245,"href":"https:\/\/pauca.com.ar\/index.php?rest_route=\/wp\/v2\/pages\/33\/revisions\/245"}],"wp:attachment":[{"href":"https:\/\/pauca.com.ar\/index.php?rest_route=%2Fwp%2Fv2%2Fmedia&parent=33"}],"curies":[{"name":"wp","href":"https:\/\/api.w.org\/{rel}","templated":true}]}}