{"id":31,"date":"2024-02-25T22:25:51","date_gmt":"2024-02-25T22:25:51","guid":{"rendered":"https:\/\/pauca.com.ar\/?page_id=31"},"modified":"2024-03-11T14:48:19","modified_gmt":"2024-03-11T14:48:19","slug":"newborn-recien-nacido","status":"publish","type":"page","link":"https:\/\/pauca.com.ar\/?page_id=31","title":{"rendered":"Newborn\/ Reci\u00e9n Nacido"},"content":{"rendered":"\n<p>La llegada de un hijo\/a, es uno de los momentos m\u00e1s importantes en la vida de una familia. En \u00e9sta Sesi\u00f3n de Fotos, retrato cada detalle de tu beb\u00e9, para que lo atesores, por siempre.<\/p>\n\n\n\n<p>PR\u00d3XIMAMENTE<\/p>\n","protected":false},"excerpt":{"rendered":"<p>La llegada de un hijo\/a, es uno de los momentos m\u00e1s importantes en la vida de una familia. En \u00e9sta Sesi\u00f3n de Fotos, retrato cada detalle de tu beb\u00e9, para que lo atesores, por siempre. PR\u00d3XIMAMENTE<\/p>\n","protected":false},"author":1,"featured_media":0,"parent":0,"menu_order":0,"comment_status":"closed","ping_status":"open","template":"","meta":{"footnotes":""},"class_list":["post-31","page","type-page","status-publish","hentry"],"_links":{"self":[{"href":"https:\/\/pauca.com.ar\/index.php?rest_route=\/wp\/v2\/pages\/31","targetHints":{"allow":["GET"]}}],"collection":[{"href":"https:\/\/pauca.com.ar\/index.php?rest_route=\/wp\/v2\/pages"}],"about":[{"href":"https:\/\/pauca.com.ar\/index.php?rest_route=\/wp\/v2\/types\/page"}],"author":[{"embeddable":true,"href":"https:\/\/pauca.com.ar\/index.php?rest_route=\/wp\/v2\/users\/1"}],"replies":[{"embeddable":true,"href":"https:\/\/pauca.com.ar\/index.php?rest_route=%2Fwp%2Fv2%2Fcomments&post=31"}],"version-history":[{"count":2,"href":"https:\/\/pauca.com.ar\/index.php?rest_route=\/wp\/v2\/pages\/31\/revisions"}],"predecessor-version":[{"id":174,"href":"https:\/\/pauca.com.ar\/index.php?rest_route=\/wp\/v2\/pages\/31\/revisions\/174"}],"wp:attachment":[{"href":"https:\/\/pauca.com.ar\/index.php?rest_route=%2Fwp%2Fv2%2Fmedia&parent=31"}],"curies":[{"name":"wp","href":"https:\/\/api.w.org\/{rel}","templated":true}]}}