{"id":29,"date":"2024-02-25T22:23:56","date_gmt":"2024-02-25T22:23:56","guid":{"rendered":"https:\/\/pauca.com.ar\/?page_id=29"},"modified":"2024-03-11T21:50:44","modified_gmt":"2024-03-11T21:50:44","slug":"embarazo","status":"publish","type":"page","link":"https:\/\/pauca.com.ar\/?page_id=29","title":{"rendered":"Embarazo"},"content":{"rendered":"\n<p>Guardar el recuerdo en im\u00e1genes, de tu beb\u00e9 dentro tuyo, es el mejor regalo que pod\u00e9s hacerle a \u00e9\/ella, y a tu familia. \u00c9ste es el momento m\u00e1s maravilloso, en la vida de una mujer. En \u00e9sta Sesi\u00f3n de Fotos, busco retratarte de manera cuidada y natural, con iluminaci\u00f3n muy suave, para resaltar la belleza de esta etapa.<\/p>\n\n\n\n<p>\u00bfC\u00daANDO SE REALIZA?<\/p>\n\n\n\n<p>Recomiendo realizar las fotos,entre las semanas 27 y 32, para que puedas disfrutar m\u00e1s de la experiencia.<\/p>\n\n\n\n<p>Tendremos una entrevista previa a la Sesi\u00f3n de Fotos, donde definiremos los detalles del set, el vestuario, y la din\u00e1mica de trabajo. El d\u00eda de las fotos, todo estar\u00e1 listo, para comenzar, sin demoras.<\/p>\n\n\n\n<p>\u00bfC\u00d3MO ES LA SESI\u00d3N?<\/p>\n\n\n\n<p>Tiene una duraci\u00f3n estimada de 60 a 120 minutos, durante este tiempo te guiar\u00e9 en las poses, para que luzcas hermosa y te sientas confiada, siempre a tu ritmo.<\/p>\n\n\n\n<p>Hago fotos con tu pareja, y hermanitos\/as. Uso fondos lisos y pocos accesorios, para que los \u00fanicos protagonistas sean vos, y ese\/esa beb\u00e9, que est\u00e1 en camino.<\/p>\n\n\n\n<p>CANTIDAD DE FOTOS Y ENTREGA<\/p>\n\n\n\n<p>Te entrego 15 fotos editadas, en alta calidad.<\/p>\n\n\n\n<p>Tendr\u00e1s la posibilidad de agregar, de manera opcional, fotos extras al paquete; as\u00ed como tambi\u00e9n, productos impresos: fotolibros, contenedores de fotos, fotocuadros, impresiones, \u00a1y m\u00e1s!.<\/p>\n\n\n\n<p>VESTUARIO<\/p>\n\n\n\n<p>Se incluyen 2 cambios de vestuario, que podr\u00e1s elegir, en la entrevista previa a la Sesi\u00f3n. Mi Estudio tiene disponibles, vestidos, conjuntos, bodies, y telas. Tambi\u00e9n haremos 1 cambio de ropa m\u00e1s casual, que te pedir\u00e9 que traigas: jeans, ropa interior, camisas, blusas y\/o remeras, para obtener fotos con un look m\u00e1s fresco y espont\u00e1neo.<\/p>\n\n\n\n<p>MAQUILLAJE<\/p>\n\n\n\n<p>La contrataci\u00f3n del maquillaje y el peinado es opcional, pero muy recomendable, para darle un acabado perfecto a tus fotograf\u00edas.<\/p>\n\n\n\n<p>FORMA DE TRABAJO<\/p>\n\n\n\n<p>Dentro de las 72hs posteriores a la realizaci\u00f3n de la Sesi\u00f3n de Fotos, recibir\u00e1s un muestrario, con todas las fotograf\u00edas, sin editar, con marca de agua, para que hagas la selecci\u00f3n, de las fotos finalistas.<\/p>\n\n\n\n<p>Una vez elegidas, deber\u00e1s enviarme los n\u00fameros por Mail o por Whatsapp; all\u00ed comienzo el proceso de edici\u00f3n, que puede demorar de 10 a 15 d\u00edas<\/p>\n\n\n\n<p>FORMA DE PAGO Y ENTREGA<\/p>\n\n\n\n<p>El material final editado, se entrega v\u00eda We Transfer o Google Drive, con link de descarga.<\/p>\n\n\n\n<p>Podr\u00e1s abonar con dep\u00f3sito o transferencia bancaria 50% para reserva de la fecha, 50% hasta 24hs antes de la Sesi\u00f3n.<\/p>\n\n\n\n<p><em>Todos los precios, est\u00e1n sujetos a cambios sin previo aviso<\/em><\/p>\n\n\n\n<p><strong>NOTA: Ante la existencia de alg\u00fan hecho que impidiera la realizaci\u00f3n de la sesi\u00f3n contratada en la fecha prevista, la se\u00f1a abonada ser\u00e1 imputada a la realizaci\u00f3n de futura sesi\u00f3n dentro de los 12 meses posteriores a la fecha de pago de la misma y a cuenta de precio vigente de dicha sesi\u00f3n al momento de realizarse.<\/strong><strong><\/strong><\/p>\n\n\n\n<figure class=\"wp-block-gallery has-nested-images columns-default is-cropped wp-block-gallery-1 is-layout-flex wp-block-gallery-is-layout-flex\">\n<figure data-wp-context=\"{&quot;imageId&quot;:&quot;69e3a18586b57&quot;}\" data-wp-interactive=\"core\/image\" data-wp-key=\"69e3a18586b57\" class=\"wp-block-image size-large wp-lightbox-container\"><img loading=\"lazy\" decoding=\"async\" width=\"683\" height=\"1024\" data-wp-class--hide=\"state.isContentHidden\" data-wp-class--show=\"state.isContentVisible\" data-wp-init=\"callbacks.setButtonStyles\" data-wp-on--click=\"actions.showLightbox\" data-wp-on--load=\"callbacks.setButtonStyles\" data-wp-on-window--resize=\"callbacks.setButtonStyles\" data-id=\"73\" src=\"https:\/\/pauca.com.ar\/wp-content\/uploads\/2024\/03\/1H8A1634A1-683x1024.jpg\" alt=\"\" class=\"wp-image-73\" srcset=\"https:\/\/pauca.com.ar\/wp-content\/uploads\/2024\/03\/1H8A1634A1-683x1024.jpg 683w, https:\/\/pauca.com.ar\/wp-content\/uploads\/2024\/03\/1H8A1634A1-200x300.jpg 200w, https:\/\/pauca.com.ar\/wp-content\/uploads\/2024\/03\/1H8A1634A1-768x1152.jpg 768w, https:\/\/pauca.com.ar\/wp-content\/uploads\/2024\/03\/1H8A1634A1-1024x1536.jpg 1024w, https:\/\/pauca.com.ar\/wp-content\/uploads\/2024\/03\/1H8A1634A1-1140x1710.jpg 1140w, https:\/\/pauca.com.ar\/wp-content\/uploads\/2024\/03\/1H8A1634A1.jpg 1365w\" sizes=\"auto, (max-width: 683px) 100vw, 683px\" \/><button\n\t\t\tclass=\"lightbox-trigger\"\n\t\t\ttype=\"button\"\n\t\t\taria-haspopup=\"dialog\"\n\t\t\taria-label=\"Agrandar\"\n\t\t\tdata-wp-init=\"callbacks.initTriggerButton\"\n\t\t\tdata-wp-on--click=\"actions.showLightbox\"\n\t\t\tdata-wp-style--right=\"state.imageButtonRight\"\n\t\t\tdata-wp-style--top=\"state.imageButtonTop\"\n\t\t>\n\t\t\t<svg xmlns=\"http:\/\/www.w3.org\/2000\/svg\" width=\"12\" height=\"12\" fill=\"none\" viewBox=\"0 0 12 12\">\n\t\t\t\t<path fill=\"#fff\" d=\"M2 0a2 2 0 0 0-2 2v2h1.5V2a.5.5 0 0 1 .5-.5h2V0H2Zm2 10.5H2a.5.5 0 0 1-.5-.5V8H0v2a2 2 0 0 0 2 2h2v-1.5ZM8 12v-1.5h2a.5.5 0 0 0 .5-.5V8H12v2a2 2 0 0 1-2 2H8Zm2-12a2 2 0 0 1 2 2v2h-1.5V2a.5.5 0 0 0-.5-.5H8V0h2Z\" \/>\n\t\t\t<\/svg>\n\t\t<\/button><\/figure>\n\n\n\n<figure data-wp-context=\"{&quot;imageId&quot;:&quot;69e3a18587a75&quot;}\" data-wp-interactive=\"core\/image\" data-wp-key=\"69e3a18587a75\" class=\"wp-block-image size-large wp-lightbox-container\"><img loading=\"lazy\" decoding=\"async\" width=\"683\" height=\"1024\" data-wp-class--hide=\"state.isContentHidden\" data-wp-class--show=\"state.isContentVisible\" data-wp-init=\"callbacks.setButtonStyles\" data-wp-on--click=\"actions.showLightbox\" data-wp-on--load=\"callbacks.setButtonStyles\" data-wp-on-window--resize=\"callbacks.setButtonStyles\" data-id=\"74\" src=\"https:\/\/pauca.com.ar\/wp-content\/uploads\/2024\/03\/1H8A1839A1bis-683x1024.jpg\" alt=\"\" class=\"wp-image-74\" srcset=\"https:\/\/pauca.com.ar\/wp-content\/uploads\/2024\/03\/1H8A1839A1bis-683x1024.jpg 683w, https:\/\/pauca.com.ar\/wp-content\/uploads\/2024\/03\/1H8A1839A1bis-200x300.jpg 200w, https:\/\/pauca.com.ar\/wp-content\/uploads\/2024\/03\/1H8A1839A1bis-768x1152.jpg 768w, https:\/\/pauca.com.ar\/wp-content\/uploads\/2024\/03\/1H8A1839A1bis-1024x1536.jpg 1024w, https:\/\/pauca.com.ar\/wp-content\/uploads\/2024\/03\/1H8A1839A1bis-1140x1710.jpg 1140w, https:\/\/pauca.com.ar\/wp-content\/uploads\/2024\/03\/1H8A1839A1bis.jpg 1365w\" sizes=\"auto, (max-width: 683px) 100vw, 683px\" \/><button\n\t\t\tclass=\"lightbox-trigger\"\n\t\t\ttype=\"button\"\n\t\t\taria-haspopup=\"dialog\"\n\t\t\taria-label=\"Agrandar\"\n\t\t\tdata-wp-init=\"callbacks.initTriggerButton\"\n\t\t\tdata-wp-on--click=\"actions.showLightbox\"\n\t\t\tdata-wp-style--right=\"state.imageButtonRight\"\n\t\t\tdata-wp-style--top=\"state.imageButtonTop\"\n\t\t>\n\t\t\t<svg xmlns=\"http:\/\/www.w3.org\/2000\/svg\" width=\"12\" height=\"12\" fill=\"none\" viewBox=\"0 0 12 12\">\n\t\t\t\t<path fill=\"#fff\" d=\"M2 0a2 2 0 0 0-2 2v2h1.5V2a.5.5 0 0 1 .5-.5h2V0H2Zm2 10.5H2a.5.5 0 0 1-.5-.5V8H0v2a2 2 0 0 0 2 2h2v-1.5ZM8 12v-1.5h2a.5.5 0 0 0 .5-.5V8H12v2a2 2 0 0 1-2 2H8Zm2-12a2 2 0 0 1 2 2v2h-1.5V2a.5.5 0 0 0-.5-.5H8V0h2Z\" \/>\n\t\t\t<\/svg>\n\t\t<\/button><\/figure>\n\n\n\n<figure data-wp-context=\"{&quot;imageId&quot;:&quot;69e3a18589396&quot;}\" data-wp-interactive=\"core\/image\" data-wp-key=\"69e3a18589396\" class=\"wp-block-image size-large wp-lightbox-container\"><img loading=\"lazy\" decoding=\"async\" width=\"683\" height=\"1024\" data-wp-class--hide=\"state.isContentHidden\" data-wp-class--show=\"state.isContentVisible\" data-wp-init=\"callbacks.setButtonStyles\" data-wp-on--click=\"actions.showLightbox\" data-wp-on--load=\"callbacks.setButtonStyles\" data-wp-on-window--resize=\"callbacks.setButtonStyles\" data-id=\"72\" src=\"https:\/\/pauca.com.ar\/wp-content\/uploads\/2024\/03\/1H8A3428A1-683x1024.jpg\" alt=\"\" class=\"wp-image-72\" srcset=\"https:\/\/pauca.com.ar\/wp-content\/uploads\/2024\/03\/1H8A3428A1-683x1024.jpg 683w, https:\/\/pauca.com.ar\/wp-content\/uploads\/2024\/03\/1H8A3428A1-200x300.jpg 200w, https:\/\/pauca.com.ar\/wp-content\/uploads\/2024\/03\/1H8A3428A1-768x1152.jpg 768w, https:\/\/pauca.com.ar\/wp-content\/uploads\/2024\/03\/1H8A3428A1-1024x1536.jpg 1024w, https:\/\/pauca.com.ar\/wp-content\/uploads\/2024\/03\/1H8A3428A1-1140x1710.jpg 1140w, https:\/\/pauca.com.ar\/wp-content\/uploads\/2024\/03\/1H8A3428A1.jpg 1365w\" sizes=\"auto, (max-width: 683px) 100vw, 683px\" \/><button\n\t\t\tclass=\"lightbox-trigger\"\n\t\t\ttype=\"button\"\n\t\t\taria-haspopup=\"dialog\"\n\t\t\taria-label=\"Agrandar\"\n\t\t\tdata-wp-init=\"callbacks.initTriggerButton\"\n\t\t\tdata-wp-on--click=\"actions.showLightbox\"\n\t\t\tdata-wp-style--right=\"state.imageButtonRight\"\n\t\t\tdata-wp-style--top=\"state.imageButtonTop\"\n\t\t>\n\t\t\t<svg xmlns=\"http:\/\/www.w3.org\/2000\/svg\" width=\"12\" height=\"12\" fill=\"none\" viewBox=\"0 0 12 12\">\n\t\t\t\t<path fill=\"#fff\" d=\"M2 0a2 2 0 0 0-2 2v2h1.5V2a.5.5 0 0 1 .5-.5h2V0H2Zm2 10.5H2a.5.5 0 0 1-.5-.5V8H0v2a2 2 0 0 0 2 2h2v-1.5ZM8 12v-1.5h2a.5.5 0 0 0 .5-.5V8H12v2a2 2 0 0 1-2 2H8Zm2-12a2 2 0 0 1 2 2v2h-1.5V2a.5.5 0 0 0-.5-.5H8V0h2Z\" \/>\n\t\t\t<\/svg>\n\t\t<\/button><\/figure>\n\n\n\n<figure data-wp-context=\"{&quot;imageId&quot;:&quot;69e3a18589ef1&quot;}\" data-wp-interactive=\"core\/image\" data-wp-key=\"69e3a18589ef1\" class=\"wp-block-image size-large wp-lightbox-container\"><img loading=\"lazy\" decoding=\"async\" width=\"683\" height=\"1024\" data-wp-class--hide=\"state.isContentHidden\" data-wp-class--show=\"state.isContentVisible\" data-wp-init=\"callbacks.setButtonStyles\" data-wp-on--click=\"actions.showLightbox\" data-wp-on--load=\"callbacks.setButtonStyles\" data-wp-on-window--resize=\"callbacks.setButtonStyles\" data-id=\"71\" src=\"https:\/\/pauca.com.ar\/wp-content\/uploads\/2024\/03\/1H8A3438A1-683x1024.jpg\" alt=\"\" class=\"wp-image-71\" srcset=\"https:\/\/pauca.com.ar\/wp-content\/uploads\/2024\/03\/1H8A3438A1-683x1024.jpg 683w, https:\/\/pauca.com.ar\/wp-content\/uploads\/2024\/03\/1H8A3438A1-200x300.jpg 200w, https:\/\/pauca.com.ar\/wp-content\/uploads\/2024\/03\/1H8A3438A1-768x1152.jpg 768w, https:\/\/pauca.com.ar\/wp-content\/uploads\/2024\/03\/1H8A3438A1-1024x1536.jpg 1024w, https:\/\/pauca.com.ar\/wp-content\/uploads\/2024\/03\/1H8A3438A1-1140x1710.jpg 1140w, https:\/\/pauca.com.ar\/wp-content\/uploads\/2024\/03\/1H8A3438A1.jpg 1365w\" sizes=\"auto, (max-width: 683px) 100vw, 683px\" \/><button\n\t\t\tclass=\"lightbox-trigger\"\n\t\t\ttype=\"button\"\n\t\t\taria-haspopup=\"dialog\"\n\t\t\taria-label=\"Agrandar\"\n\t\t\tdata-wp-init=\"callbacks.initTriggerButton\"\n\t\t\tdata-wp-on--click=\"actions.showLightbox\"\n\t\t\tdata-wp-style--right=\"state.imageButtonRight\"\n\t\t\tdata-wp-style--top=\"state.imageButtonTop\"\n\t\t>\n\t\t\t<svg xmlns=\"http:\/\/www.w3.org\/2000\/svg\" width=\"12\" height=\"12\" fill=\"none\" viewBox=\"0 0 12 12\">\n\t\t\t\t<path fill=\"#fff\" d=\"M2 0a2 2 0 0 0-2 2v2h1.5V2a.5.5 0 0 1 .5-.5h2V0H2Zm2 10.5H2a.5.5 0 0 1-.5-.5V8H0v2a2 2 0 0 0 2 2h2v-1.5ZM8 12v-1.5h2a.5.5 0 0 0 .5-.5V8H12v2a2 2 0 0 1-2 2H8Zm2-12a2 2 0 0 1 2 2v2h-1.5V2a.5.5 0 0 0-.5-.5H8V0h2Z\" \/>\n\t\t\t<\/svg>\n\t\t<\/button><\/figure>\n\n\n\n<figure data-wp-context=\"{&quot;imageId&quot;:&quot;69e3a1858ac7d&quot;}\" data-wp-interactive=\"core\/image\" data-wp-key=\"69e3a1858ac7d\" class=\"wp-block-image size-large wp-lightbox-container\"><img loading=\"lazy\" decoding=\"async\" width=\"683\" height=\"1024\" data-wp-class--hide=\"state.isContentHidden\" data-wp-class--show=\"state.isContentVisible\" data-wp-init=\"callbacks.setButtonStyles\" data-wp-on--click=\"actions.showLightbox\" data-wp-on--load=\"callbacks.setButtonStyles\" data-wp-on-window--resize=\"callbacks.setButtonStyles\" data-id=\"70\" src=\"https:\/\/pauca.com.ar\/wp-content\/uploads\/2024\/03\/1H8A3462A1-683x1024.jpg\" alt=\"\" class=\"wp-image-70\" srcset=\"https:\/\/pauca.com.ar\/wp-content\/uploads\/2024\/03\/1H8A3462A1-683x1024.jpg 683w, https:\/\/pauca.com.ar\/wp-content\/uploads\/2024\/03\/1H8A3462A1-200x300.jpg 200w, https:\/\/pauca.com.ar\/wp-content\/uploads\/2024\/03\/1H8A3462A1-768x1152.jpg 768w, https:\/\/pauca.com.ar\/wp-content\/uploads\/2024\/03\/1H8A3462A1-1024x1536.jpg 1024w, https:\/\/pauca.com.ar\/wp-content\/uploads\/2024\/03\/1H8A3462A1-1140x1710.jpg 1140w, https:\/\/pauca.com.ar\/wp-content\/uploads\/2024\/03\/1H8A3462A1.jpg 1365w\" sizes=\"auto, (max-width: 683px) 100vw, 683px\" \/><button\n\t\t\tclass=\"lightbox-trigger\"\n\t\t\ttype=\"button\"\n\t\t\taria-haspopup=\"dialog\"\n\t\t\taria-label=\"Agrandar\"\n\t\t\tdata-wp-init=\"callbacks.initTriggerButton\"\n\t\t\tdata-wp-on--click=\"actions.showLightbox\"\n\t\t\tdata-wp-style--right=\"state.imageButtonRight\"\n\t\t\tdata-wp-style--top=\"state.imageButtonTop\"\n\t\t>\n\t\t\t<svg xmlns=\"http:\/\/www.w3.org\/2000\/svg\" width=\"12\" height=\"12\" fill=\"none\" viewBox=\"0 0 12 12\">\n\t\t\t\t<path fill=\"#fff\" d=\"M2 0a2 2 0 0 0-2 2v2h1.5V2a.5.5 0 0 1 .5-.5h2V0H2Zm2 10.5H2a.5.5 0 0 1-.5-.5V8H0v2a2 2 0 0 0 2 2h2v-1.5ZM8 12v-1.5h2a.5.5 0 0 0 .5-.5V8H12v2a2 2 0 0 1-2 2H8Zm2-12a2 2 0 0 1 2 2v2h-1.5V2a.5.5 0 0 0-.5-.5H8V0h2Z\" \/>\n\t\t\t<\/svg>\n\t\t<\/button><\/figure>\n<\/figure>\n","protected":false},"excerpt":{"rendered":"<p>Guardar el recuerdo en im\u00e1genes, de tu beb\u00e9 dentro tuyo, es el mejor regalo que pod\u00e9s hacerle a \u00e9\/ella, y a tu familia. \u00c9ste es el momento m\u00e1s maravilloso, en la vida de una mujer. En \u00e9sta Sesi\u00f3n de Fotos, busco retratarte de manera cuidada y natural, con iluminaci\u00f3n muy suave, para resaltar la belleza de esta etapa. \u00bfC\u00daANDO SE REALIZA? Recomiendo realizar las fotos,entre las semanas 27 y 32, para que puedas disfrutar m\u00e1s de la experiencia. Tendremos una entrevista previa a la Sesi\u00f3n de Fotos, donde definiremos los detalles del set, el vestuario, y la din\u00e1mica de trabajo. El d\u00eda de las fotos, todo estar\u00e1 listo, para comenzar, sin demoras. \u00bfC\u00d3MO ES LA SESI\u00d3N? Tiene una duraci\u00f3n estimada de 60 a 120 minutos, durante este tiempo te guiar\u00e9 en las poses, para que luzcas hermosa y te sientas confiada, siempre a tu ritmo. Hago fotos con tu pareja, y hermanitos\/as. Uso fondos lisos y pocos accesorios, para que los \u00fanicos protagonistas sean vos, y ese\/esa beb\u00e9, que est\u00e1 en camino. CANTIDAD DE FOTOS Y ENTREGA Te entrego 15 fotos editadas, en alta calidad. Tendr\u00e1s la posibilidad de agregar, de manera opcional, fotos extras al paquete; as\u00ed como tambi\u00e9n, productos impresos: fotolibros, contenedores de fotos, fotocuadros, impresiones, \u00a1y m\u00e1s!. VESTUARIO Se incluyen 2 cambios de vestuario, que podr\u00e1s elegir, en la entrevista previa a la Sesi\u00f3n. Mi Estudio tiene disponibles, vestidos, conjuntos, bodies, y telas. Tambi\u00e9n haremos 1 cambio de ropa m\u00e1s casual, que te pedir\u00e9 que traigas: jeans, ropa interior, camisas, blusas y\/o remeras, para obtener fotos con un look m\u00e1s fresco y espont\u00e1neo. MAQUILLAJE La contrataci\u00f3n del maquillaje y el peinado es opcional, pero muy recomendable, para darle un acabado perfecto a tus fotograf\u00edas. FORMA DE TRABAJO Dentro de las 72hs posteriores a la realizaci\u00f3n de la Sesi\u00f3n de Fotos, recibir\u00e1s un muestrario, con todas las fotograf\u00edas, sin editar, con marca de agua, para que hagas la selecci\u00f3n, de las fotos finalistas. Una vez elegidas, deber\u00e1s enviarme los n\u00fameros por Mail o por Whatsapp; all\u00ed comienzo el proceso de edici\u00f3n, que puede demorar de 10 a 15 d\u00edas FORMA DE PAGO Y ENTREGA El material final editado, se entrega v\u00eda We Transfer o Google Drive, con link de descarga. Podr\u00e1s abonar con dep\u00f3sito o transferencia bancaria 50% para reserva de la fecha, 50% hasta 24hs antes de la Sesi\u00f3n. Todos los precios, est\u00e1n sujetos a cambios sin previo aviso NOTA: Ante la existencia de alg\u00fan hecho que impidiera la realizaci\u00f3n de la sesi\u00f3n contratada en la fecha prevista, la se\u00f1a abonada ser\u00e1 imputada a la realizaci\u00f3n de futura sesi\u00f3n dentro de los 12 meses posteriores a la fecha de pago de la misma y a cuenta de precio vigente de dicha sesi\u00f3n al momento de realizarse.<\/p>\n","protected":false},"author":1,"featured_media":0,"parent":0,"menu_order":0,"comment_status":"closed","ping_status":"open","template":"","meta":{"footnotes":""},"class_list":["post-29","page","type-page","status-publish","hentry"],"_links":{"self":[{"href":"https:\/\/pauca.com.ar\/index.php?rest_route=\/wp\/v2\/pages\/29","targetHints":{"allow":["GET"]}}],"collection":[{"href":"https:\/\/pauca.com.ar\/index.php?rest_route=\/wp\/v2\/pages"}],"about":[{"href":"https:\/\/pauca.com.ar\/index.php?rest_route=\/wp\/v2\/types\/page"}],"author":[{"embeddable":true,"href":"https:\/\/pauca.com.ar\/index.php?rest_route=\/wp\/v2\/users\/1"}],"replies":[{"embeddable":true,"href":"https:\/\/pauca.com.ar\/index.php?rest_route=%2Fwp%2Fv2%2Fcomments&post=29"}],"version-history":[{"count":3,"href":"https:\/\/pauca.com.ar\/index.php?rest_route=\/wp\/v2\/pages\/29\/revisions"}],"predecessor-version":[{"id":242,"href":"https:\/\/pauca.com.ar\/index.php?rest_route=\/wp\/v2\/pages\/29\/revisions\/242"}],"wp:attachment":[{"href":"https:\/\/pauca.com.ar\/index.php?rest_route=%2Fwp%2Fv2%2Fmedia&parent=29"}],"curies":[{"name":"wp","href":"https:\/\/api.w.org\/{rel}","templated":true}]}}