{"id":260,"date":"2024-03-11T22:08:58","date_gmt":"2024-03-11T22:08:58","guid":{"rendered":"https:\/\/pauca.com.ar\/?page_id=260"},"modified":"2024-03-11T22:08:58","modified_gmt":"2024-03-11T22:08:58","slug":"mis-consejos-generales-para-fotografia-corporativa","status":"publish","type":"page","link":"https:\/\/pauca.com.ar\/?page_id=260","title":{"rendered":"Mis Consejos Generales Para Fotograf\u00eda Corporativa"},"content":{"rendered":"\n<p>-Usa ropa preferentemente lisa, en colores blanco, negro, gris, tonos pasteles (rosa, amarillo, verde menta, lila, celeste), verdes oscuros, toda la gama tonal del marr\u00f3n, y los azules que siempre sientan muy bien, busc\u00e1 colores atemporales, podemos incorporar un color que destaque en algunas fotograf\u00edas, en ropa o accesorios.<\/p>\n\n\n\n<ul class=\"wp-block-list\">\n<li>\ufeff\ufeff\ufeffAlgunas rayas y cuadrill\u00e9s, o fantas\u00edas en las camisas, generan un efecto de distorsi\u00f3n en la visi\u00f3n, llamado Moir\u00e9, que es muy notorio en fotograf\u00eda y video, en lo posible, no usarlos. Evit\u00e1 marcas o dibujos grandes en el frente de las prendas.<\/li>\n\n\n\n<li>\ufeff\ufeffNo traigas puesta la ropa que vas a usar en las fotos, en lo posible, traela en perchas, y planchada, para cambiarte justo antes de hacer tu Sesi\u00f3n, de esta forma, las prendas no se ver\u00e1n tan arrugadas. Eleg\u00ed telas de f\u00e1cil planchado y que se arruguen poco. Pod\u00e9s traerlas al Estudio un d\u00eda antes de tu Sesi\u00f3n.<\/li>\n\n\n\n<li>Evit\u00e1 usar ropa muy holgada, esto aumentar\u00e1 el volumen de tu cuerpo en las fotos. Recomiendo ropa que entalle la cintura.<\/li>\n\n\n\n<li>\ufeff\ufeffLlev\u00e1 el cabello limpio y peinado como lo us\u00e1s habitualmente, con recogidos o semi-recogidos sencillos, o suelto. No mojes el cabello. No uses gel, spray o aceites para el pelo ese d\u00eda. Trae peine, lo usaremos al momento de las fotos.<\/li>\n\n\n\n<li>\ufeff\ufeffEl maquillaje debe subirse un poco en intensidad, los flashes apagan los colores. Us\u00e1 paleta de colores tierras, verdes o rosas; no uses rojo en los labios o colores muy brillantes. Traer polvo compacto o vol\u00e1til y brocha o esponja, lo usaremos al momento de las fotos, para reducir brillos en el rostro. Hidrat\u00e1 la piel unos d\u00edas antes, para que no est\u00e9 reseca.<\/li>\n\n\n\n<li>Si vas a contratar maquillaje y peinado, ten\u00e9s que tener en cuenta, que deber\u00e1s estar en el Estudio, 60 minutos antes de la Sesi\u00f3n de Fotos.<\/li>\n\n\n\n<li>\ufeff\ufeffLas manos son importantes y se ver\u00e1n en los retratos, lleva las u\u00f1as arregladas, como sol\u00e9s hacerlo, hidratalas unos d\u00edas antes, si ten\u00e9s la piel seca.<\/li>\n\n\n\n<li>\ufeff\ufeffUs\u00e1 alajas o bijouterie sencilla.<\/li>\n\n\n\n<li>\ufeff\ufeffSi usas anteojos, lavalos muy bien antes de las fotos, con jab\u00f3n o detergente, para desengrasarlos. Si est\u00e1n sucios, as\u00ed se ver\u00e1n, dando un aspecto opaco a la mirada.<\/li>\n\n\n\n<li>\ufeff\ufeffLlev\u00e1 tu cepillo de dientes, pasta e hilo dental. \u00a1No siempre se usa, pero si com\u00e9s algo antes de las fotos, alguno puede ser necesario!.<\/li>\n\n\n\n<li>Si contrataste una Sesi\u00f3n Corporativa, donde haremos fotos de cuerpo entero, tus zapatos deben ser nuevos, la suela muchas veces se ve, y debe estar impecable.<\/li>\n\n\n\n<li>Estos consejos son generales, con mucho gusto te asesorar\u00e9, de manera m\u00e1s personalizada.<\/li>\n<\/ul>\n\n\n\n<p><em>Las fotos comunican sobre nosotros, como personas, como profesionales; as\u00ed que, tom\u00e1 estos consejos, pero nunca dejes de ser vos mismo, s\u00f3lo as\u00ed haremos un gran trabajo juntos!.<\/em><\/p>\n","protected":false},"excerpt":{"rendered":"<p>-Usa ropa preferentemente lisa, en colores blanco, negro, gris, tonos pasteles (rosa, amarillo, verde menta, lila, celeste), verdes oscuros, toda la gama tonal del marr\u00f3n, y los azules que siempre sientan muy bien, busc\u00e1 colores atemporales, podemos incorporar un color que destaque en algunas fotograf\u00edas, en ropa o accesorios. Las fotos comunican sobre nosotros, como personas, como profesionales; as\u00ed que, tom\u00e1 estos consejos, pero nunca dejes de ser vos mismo, s\u00f3lo as\u00ed haremos un gran trabajo juntos!.<\/p>\n","protected":false},"author":1,"featured_media":0,"parent":0,"menu_order":0,"comment_status":"closed","ping_status":"open","template":"","meta":{"footnotes":""},"class_list":["post-260","page","type-page","status-publish","hentry"],"_links":{"self":[{"href":"https:\/\/pauca.com.ar\/index.php?rest_route=\/wp\/v2\/pages\/260","targetHints":{"allow":["GET"]}}],"collection":[{"href":"https:\/\/pauca.com.ar\/index.php?rest_route=\/wp\/v2\/pages"}],"about":[{"href":"https:\/\/pauca.com.ar\/index.php?rest_route=\/wp\/v2\/types\/page"}],"author":[{"embeddable":true,"href":"https:\/\/pauca.com.ar\/index.php?rest_route=\/wp\/v2\/users\/1"}],"replies":[{"embeddable":true,"href":"https:\/\/pauca.com.ar\/index.php?rest_route=%2Fwp%2Fv2%2Fcomments&post=260"}],"version-history":[{"count":1,"href":"https:\/\/pauca.com.ar\/index.php?rest_route=\/wp\/v2\/pages\/260\/revisions"}],"predecessor-version":[{"id":261,"href":"https:\/\/pauca.com.ar\/index.php?rest_route=\/wp\/v2\/pages\/260\/revisions\/261"}],"wp:attachment":[{"href":"https:\/\/pauca.com.ar\/index.php?rest_route=%2Fwp%2Fv2%2Fmedia&parent=260"}],"curies":[{"name":"wp","href":"https:\/\/api.w.org\/{rel}","templated":true}]}}