{"id":257,"date":"2024-03-11T22:03:10","date_gmt":"2024-03-11T22:03:10","guid":{"rendered":"https:\/\/pauca.com.ar\/?page_id=257"},"modified":"2024-03-11T22:03:10","modified_gmt":"2024-03-11T22:03:10","slug":"mis-consejos-generales-para-sesiones-de-familia","status":"publish","type":"page","link":"https:\/\/pauca.com.ar\/?page_id=257","title":{"rendered":"Mis Consejos Generales Para Sesiones de Familia"},"content":{"rendered":"\n<p><\/p>\n\n\n\n<ul class=\"wp-block-list\">\n<li>Sean puntuales. Est\u00e9n en el Estudio a la hora acordada.<\/li>\n\n\n\n<li>\ufeff\ufeffSi deben cancelar la Sesi\u00f3n, h\u00e1ganlo con la mayor anticipaci\u00f3n posible.<\/li>\n\n\n\n<li>\ufeff\ufeffRecuerden respetar, la cantidad m\u00e1xima de personas que se fotografiar\u00e1n en la Sesi\u00f3n, mam\u00e1, pap\u00e1 beb\u00e9 y hermanos (si los hay!).<\/li>\n\n\n\n<li>\ufeff\ufeffRecomiendo usar, para las fotos familiares, ropa lisa, sin marcas grandes en el frente.&nbsp;<\/li>\n\n\n\n<li>\ufeff\ufeffUsen colores atemporales, tonos pasteles, marrones, verde oscuro, rosa p\u00e1lido, bord\u00f3, azul marino, blanco, negro y jean.<\/li>\n\n\n\n<li>Si todos los integrantes de la familia pueden engamarse con los colores, mucho mejor!. Los puedo asesorar, si necesitan.<\/li>\n\n\n\n<li>\ufeff\ufeffEl maquillaje, debe usarse un poco m\u00e1s acentuado de lo habitual, las luces apagan y aclaran los colores.<\/li>\n\n\n\n<li>\ufeff\ufeffRecomiendo a las mam\u00e1s maquillarse, usar polvo compacto o vol\u00e1til para reducir brillos, (aconsejo traerlo a la Sesi\u00f3n para retocarlo).<\/li>\n\n\n\n<li>\ufeff\ufeffEl peinado arreglado, pero natural. No traer el cabello mojado!. A las\/los beb\u00e9s no atarles el pelo, antes de venir a la Sesi\u00f3n, para que no quede marcado, traerlo suelto.<\/li>\n\n\n\n<li>\ufeff\ufeffLas manos y los pies, se ver\u00e1n en las fotos, tra\u00e9los arreglados.<\/li>\n\n\n\n<li>\ufeff\ufeffTrabajamos descalzos, debido al uso de fondos de papel. Las fotos se toman descalzos o con zapatos con suela nueva.<\/li>\n\n\n\n<li>\ufeff\ufeff\ufeff\ufeffTraer pa\u00f1ales, cambiador de tela, peine. En el Estudio hay elementos de higiene.<\/li>\n\n\n\n<li>\ufeff\ufeffNo olvides el chupete, si usa tu beb\u00e9!.<\/li>\n\n\n\n<li>\ufeff\ufeffPueden traer alg\u00fan juguete o mu\u00f1eco de apego, o cualquier objeto que deseen aparezca en las fotos, y\/o les proporcione seguridad.<\/li>\n\n\n\n<li>Recomiendo que los\/las beb\u00e9s vengan descansados, comidos, y con ganas de jugar y divertirse!.<\/li>\n<\/ul>\n\n\n\n<p>Pueden traer leche, y\/o alguna galletita o dulce, si lo desean. En el Estudio hay agua fr\u00eda y caliente, y servicio de cafeter\u00eda.<\/p>\n\n\n\n<ul class=\"wp-block-list\">\n<li>Estos consejos son generales, con mucho gusto te asesorar\u00e9 de manera m\u00e1s personalizada, si lo necesit\u00e1s.<\/li>\n<\/ul>\n","protected":false},"excerpt":{"rendered":"<p>Pueden traer leche, y\/o alguna galletita o dulce, si lo desean. En el Estudio hay agua fr\u00eda y caliente, y servicio de cafeter\u00eda.<\/p>\n","protected":false},"author":1,"featured_media":0,"parent":0,"menu_order":0,"comment_status":"closed","ping_status":"open","template":"","meta":{"footnotes":""},"class_list":["post-257","page","type-page","status-publish","hentry"],"_links":{"self":[{"href":"https:\/\/pauca.com.ar\/index.php?rest_route=\/wp\/v2\/pages\/257","targetHints":{"allow":["GET"]}}],"collection":[{"href":"https:\/\/pauca.com.ar\/index.php?rest_route=\/wp\/v2\/pages"}],"about":[{"href":"https:\/\/pauca.com.ar\/index.php?rest_route=\/wp\/v2\/types\/page"}],"author":[{"embeddable":true,"href":"https:\/\/pauca.com.ar\/index.php?rest_route=\/wp\/v2\/users\/1"}],"replies":[{"embeddable":true,"href":"https:\/\/pauca.com.ar\/index.php?rest_route=%2Fwp%2Fv2%2Fcomments&post=257"}],"version-history":[{"count":1,"href":"https:\/\/pauca.com.ar\/index.php?rest_route=\/wp\/v2\/pages\/257\/revisions"}],"predecessor-version":[{"id":258,"href":"https:\/\/pauca.com.ar\/index.php?rest_route=\/wp\/v2\/pages\/257\/revisions\/258"}],"wp:attachment":[{"href":"https:\/\/pauca.com.ar\/index.php?rest_route=%2Fwp%2Fv2%2Fmedia&parent=257"}],"curies":[{"name":"wp","href":"https:\/\/api.w.org\/{rel}","templated":true}]}}