{"id":252,"date":"2024-03-11T21:57:04","date_gmt":"2024-03-11T21:57:04","guid":{"rendered":"https:\/\/pauca.com.ar\/?page_id=252"},"modified":"2024-03-26T03:25:16","modified_gmt":"2024-03-26T03:25:16","slug":"contacto","status":"publish","type":"page","link":"https:\/\/pauca.com.ar\/?page_id=252","title":{"rendered":"CONTACTO"},"content":{"rendered":"\n<p>E-mail: <a href=\"mailto:paulacavadasfotos@gmail.com\">paulacavadasfotos@gmail.com<\/a><\/p>\n\n\n\n<p>Whatsapp: (11)&nbsp; 5512-8481<\/p>\n\n\n\n<p>Facebook: PAUCA Estudio de Fotograf\u00eda<\/p>\n\n\n\n<p>Instagram: <\/p>\n\n\n\n<p>@paucaestudiofamilia<\/p>\n\n\n\n<p>@paucaestudiocorporativo<\/p>\n\n\n\n<p>Tik Tok: PAUCA Estudio de Fotograf\u00eda<\/p>\n\n\n\n<p>Pinterest: PAUCA Estudio de Fotograf\u00eda<\/p>\n\n\n\n<p>Ubicaci\u00f3n: Av. Francisco Beir\u00f3 4924, Villa Devoto, CABA<\/p>\n","protected":false},"excerpt":{"rendered":"<p>E-mail: paulacavadasfotos@gmail.com Whatsapp: (11)&nbsp; 5512-8481 Facebook: PAUCA Estudio de Fotograf\u00eda Instagram: @paucaestudiofamilia @paucaestudiocorporativo Tik Tok: PAUCA Estudio de Fotograf\u00eda Pinterest: PAUCA Estudio de Fotograf\u00eda Ubicaci\u00f3n: Av. Francisco Beir\u00f3 4924, Villa Devoto, CABA<\/p>\n","protected":false},"author":1,"featured_media":0,"parent":0,"menu_order":0,"comment_status":"closed","ping_status":"open","template":"","meta":{"footnotes":""},"class_list":["post-252","page","type-page","status-publish","hentry"],"_links":{"self":[{"href":"https:\/\/pauca.com.ar\/index.php?rest_route=\/wp\/v2\/pages\/252","targetHints":{"allow":["GET"]}}],"collection":[{"href":"https:\/\/pauca.com.ar\/index.php?rest_route=\/wp\/v2\/pages"}],"about":[{"href":"https:\/\/pauca.com.ar\/index.php?rest_route=\/wp\/v2\/types\/page"}],"author":[{"embeddable":true,"href":"https:\/\/pauca.com.ar\/index.php?rest_route=\/wp\/v2\/users\/1"}],"replies":[{"embeddable":true,"href":"https:\/\/pauca.com.ar\/index.php?rest_route=%2Fwp%2Fv2%2Fcomments&post=252"}],"version-history":[{"count":5,"href":"https:\/\/pauca.com.ar\/index.php?rest_route=\/wp\/v2\/pages\/252\/revisions"}],"predecessor-version":[{"id":324,"href":"https:\/\/pauca.com.ar\/index.php?rest_route=\/wp\/v2\/pages\/252\/revisions\/324"}],"wp:attachment":[{"href":"https:\/\/pauca.com.ar\/index.php?rest_route=%2Fwp%2Fv2%2Fmedia&parent=252"}],"curies":[{"name":"wp","href":"https:\/\/api.w.org\/{rel}","templated":true}]}}