{"id":22,"date":"2024-02-25T22:22:28","date_gmt":"2024-02-25T22:22:28","guid":{"rendered":"https:\/\/pauca.com.ar\/?page_id=22"},"modified":"2024-03-12T14:41:44","modified_gmt":"2024-03-12T14:41:44","slug":"acerca-de-mi","status":"publish","type":"page","link":"https:\/\/pauca.com.ar\/?page_id=22","title":{"rendered":"Acerca de mi"},"content":{"rendered":"\n<p>\u00a1Hola!. Soy Paula Cavadas, fot\u00f3grafa especializada en retrato.<\/p>\n\n\n\n<p>Mi Estudio est\u00e1 ubicado en el Barrio de Villa Devoto, a pocos metros del Shopping de Devoto, y de la Plaza Pablo Ricchieri. Es un espacio de 36 m2, totalmente equipado, tanto para fotograf\u00eda de ni\u00f1os, como de adultos.<\/p>\n\n\n\n<p>Mi experiencia, en esta profesi\u00f3n, que tanto me apasiona, es de m\u00e1s de 10 a\u00f1os.<\/p>\n\n\n\n<p>Como fot\u00f3grafa de familia, quiero acompa\u00f1arte en cada momento importante de tu vida, para dejarlo inmortalizado en im\u00e1genes, que formar\u00e1n parte de tu legado familiar. Busco la autenticidad, naturalidad y originalidad en mis retratos; los amo simples y elegantes.<\/p>\n\n\n\n<p>Como fot\u00f3grafa de profesionales, te ayudo a transmitir a trav\u00e9s de fotograf\u00edas, tu identidad, profesionalismo, valores, habilidades, conocimientos y experiencias, para que destaques, mostrando tu personalidad \u00fanica. Retratos con car\u00e1cter, iluminaci\u00f3n perfecta, y est\u00e9ticas variadas.<\/p>\n\n\n\n<p>\u00a8El componente m\u00e1s importante de un retrato, es la persona retratada\u00a8. Trabajo con pocos elementos en el set, quiero a la persona como \u00fanico protagonista de la escena. \u00a8Que tus ojos cuenten toda tu historia\u00a8\u2026<\/p>\n\n\n\n<p>Me form\u00e9 como fot\u00f3grafa, en el Taller Escuela La Imagen, y el Nuevo Foto Club Argentino, durante los a\u00f1os 2011 y 2013.<\/p>\n\n\n\n<p>A partir del a\u00f1o 2013, complet\u00e9 mis estudios, tomando cursos, y talleres de iluminaci\u00f3n de estudio, eventos sociales, fotograf\u00eda de embarazo, fotograf\u00eda de reci\u00e9n nacidos, fotograf\u00eda infantil y de familia en estudio y exteriores, edici\u00f3n fotogr\u00e1fica, y negocios, con profesionales como: Daniel Gorosito, Catalina \u00c1vila, Maybel Gir\u00f3n, Mar\u00eda Presser, y Fabiana Sebastiani.<\/p>\n\n\n\n<p>Particip\u00e9 de Congresos Internacionales, tomando clases con fot\u00f3grafos de renombre internacional como: Pepa Valero, Ema Combin, Gustavo Pomar, Pablo Niizawa, Ivan Oliver, Mar\u00eda Julia Delorenzi, Marina Latanzzi, Diana Carballo, Mila Wells, Nila Costa, Ana Iglesias, Franu Rey, Israel Luri, y Meg Loeks, entre otros.<\/p>\n\n\n\n<p>Me encuentro en constante formaci\u00f3n, y actualizada de las nuevas tecnolog\u00edas, tendencias de moda y negocios, para brindarte un servicio de excelencia.<\/p>\n\n\n\n<p>Gracias por darme la oportunidad de ayudarte.<\/p>\n\n\n\n<p>\u00a8UNA FOTOGRAF\u00cdA, PUEDE SER UN INSTANTE DE LA VIDA, CAPTURADO PARA TODA LA ETERNIDAD\u2026\u00a8<\/p>\n\n\n\n<figure class=\"wp-block-gallery has-nested-images columns-default is-cropped wp-block-gallery-1 is-layout-flex wp-block-gallery-is-layout-flex\">\n<figure class=\"wp-block-image size-large\"><img loading=\"lazy\" decoding=\"async\" width=\"682\" height=\"1024\" data-id=\"23\" src=\"https:\/\/pauca.com.ar\/wp-content\/uploads\/2024\/02\/1H8A1806A-copia-682x1024.jpg\" alt=\"\" class=\"wp-image-23\" srcset=\"https:\/\/pauca.com.ar\/wp-content\/uploads\/2024\/02\/1H8A1806A-copia-682x1024.jpg 682w, https:\/\/pauca.com.ar\/wp-content\/uploads\/2024\/02\/1H8A1806A-copia-200x300.jpg 200w, https:\/\/pauca.com.ar\/wp-content\/uploads\/2024\/02\/1H8A1806A-copia-768x1154.jpg 768w, https:\/\/pauca.com.ar\/wp-content\/uploads\/2024\/02\/1H8A1806A-copia-1022x1536.jpg 1022w, https:\/\/pauca.com.ar\/wp-content\/uploads\/2024\/02\/1H8A1806A-copia-1140x1713.jpg 1140w, https:\/\/pauca.com.ar\/wp-content\/uploads\/2024\/02\/1H8A1806A-copia.jpg 1363w\" sizes=\"auto, (max-width: 682px) 100vw, 682px\" \/><\/figure>\n\n\n\n<figure data-wp-context=\"{&quot;imageId&quot;:&quot;69e387f4a9aca&quot;}\" data-wp-interactive=\"core\/image\" data-wp-key=\"69e387f4a9aca\" class=\"wp-block-image size-large wp-lightbox-container\"><img loading=\"lazy\" decoding=\"async\" width=\"683\" height=\"1024\" data-wp-class--hide=\"state.isContentHidden\" data-wp-class--show=\"state.isContentVisible\" data-wp-init=\"callbacks.setButtonStyles\" data-wp-on--click=\"actions.showLightbox\" data-wp-on--load=\"callbacks.setButtonStyles\" data-wp-on-window--resize=\"callbacks.setButtonStyles\" data-id=\"24\" src=\"https:\/\/pauca.com.ar\/wp-content\/uploads\/2024\/02\/1H8A4790A-683x1024.jpg\" alt=\"\" class=\"wp-image-24\" srcset=\"https:\/\/pauca.com.ar\/wp-content\/uploads\/2024\/02\/1H8A4790A-683x1024.jpg 683w, https:\/\/pauca.com.ar\/wp-content\/uploads\/2024\/02\/1H8A4790A-200x300.jpg 200w, https:\/\/pauca.com.ar\/wp-content\/uploads\/2024\/02\/1H8A4790A-768x1152.jpg 768w, https:\/\/pauca.com.ar\/wp-content\/uploads\/2024\/02\/1H8A4790A-1024x1536.jpg 1024w, https:\/\/pauca.com.ar\/wp-content\/uploads\/2024\/02\/1H8A4790A-1140x1710.jpg 1140w, https:\/\/pauca.com.ar\/wp-content\/uploads\/2024\/02\/1H8A4790A.jpg 1365w\" sizes=\"auto, (max-width: 683px) 100vw, 683px\" \/><button\n\t\t\tclass=\"lightbox-trigger\"\n\t\t\ttype=\"button\"\n\t\t\taria-haspopup=\"dialog\"\n\t\t\taria-label=\"Agrandar\"\n\t\t\tdata-wp-init=\"callbacks.initTriggerButton\"\n\t\t\tdata-wp-on--click=\"actions.showLightbox\"\n\t\t\tdata-wp-style--right=\"state.imageButtonRight\"\n\t\t\tdata-wp-style--top=\"state.imageButtonTop\"\n\t\t>\n\t\t\t<svg xmlns=\"http:\/\/www.w3.org\/2000\/svg\" width=\"12\" height=\"12\" fill=\"none\" viewBox=\"0 0 12 12\">\n\t\t\t\t<path fill=\"#fff\" d=\"M2 0a2 2 0 0 0-2 2v2h1.5V2a.5.5 0 0 1 .5-.5h2V0H2Zm2 10.5H2a.5.5 0 0 1-.5-.5V8H0v2a2 2 0 0 0 2 2h2v-1.5ZM8 12v-1.5h2a.5.5 0 0 0 .5-.5V8H12v2a2 2 0 0 1-2 2H8Zm2-12a2 2 0 0 1 2 2v2h-1.5V2a.5.5 0 0 0-.5-.5H8V0h2Z\" \/>\n\t\t\t<\/svg>\n\t\t<\/button><\/figure>\n\n\n\n<figure data-wp-context=\"{&quot;imageId&quot;:&quot;69e387f4ac7fa&quot;}\" data-wp-interactive=\"core\/image\" data-wp-key=\"69e387f4ac7fa\" class=\"wp-block-image size-large wp-lightbox-container\"><img loading=\"lazy\" decoding=\"async\" width=\"768\" height=\"1024\" data-wp-class--hide=\"state.isContentHidden\" data-wp-class--show=\"state.isContentVisible\" data-wp-init=\"callbacks.setButtonStyles\" data-wp-on--click=\"actions.showLightbox\" data-wp-on--load=\"callbacks.setButtonStyles\" data-wp-on-window--resize=\"callbacks.setButtonStyles\" data-id=\"25\" src=\"https:\/\/pauca.com.ar\/wp-content\/uploads\/2024\/02\/IMG_3591-768x1024.jpg\" alt=\"\" class=\"wp-image-25\" srcset=\"https:\/\/pauca.com.ar\/wp-content\/uploads\/2024\/02\/IMG_3591-768x1024.jpg 768w, https:\/\/pauca.com.ar\/wp-content\/uploads\/2024\/02\/IMG_3591-225x300.jpg 225w, https:\/\/pauca.com.ar\/wp-content\/uploads\/2024\/02\/IMG_3591-1152x1536.jpg 1152w, https:\/\/pauca.com.ar\/wp-content\/uploads\/2024\/02\/IMG_3591-1140x1520.jpg 1140w, https:\/\/pauca.com.ar\/wp-content\/uploads\/2024\/02\/IMG_3591.jpg 1536w\" sizes=\"auto, (max-width: 768px) 100vw, 768px\" \/><button\n\t\t\tclass=\"lightbox-trigger\"\n\t\t\ttype=\"button\"\n\t\t\taria-haspopup=\"dialog\"\n\t\t\taria-label=\"Agrandar\"\n\t\t\tdata-wp-init=\"callbacks.initTriggerButton\"\n\t\t\tdata-wp-on--click=\"actions.showLightbox\"\n\t\t\tdata-wp-style--right=\"state.imageButtonRight\"\n\t\t\tdata-wp-style--top=\"state.imageButtonTop\"\n\t\t>\n\t\t\t<svg xmlns=\"http:\/\/www.w3.org\/2000\/svg\" width=\"12\" height=\"12\" fill=\"none\" viewBox=\"0 0 12 12\">\n\t\t\t\t<path fill=\"#fff\" d=\"M2 0a2 2 0 0 0-2 2v2h1.5V2a.5.5 0 0 1 .5-.5h2V0H2Zm2 10.5H2a.5.5 0 0 1-.5-.5V8H0v2a2 2 0 0 0 2 2h2v-1.5ZM8 12v-1.5h2a.5.5 0 0 0 .5-.5V8H12v2a2 2 0 0 1-2 2H8Zm2-12a2 2 0 0 1 2 2v2h-1.5V2a.5.5 0 0 0-.5-.5H8V0h2Z\" \/>\n\t\t\t<\/svg>\n\t\t<\/button><\/figure>\n\n\n\n<figure data-wp-context=\"{&quot;imageId&quot;:&quot;69e387f4ad1cc&quot;}\" data-wp-interactive=\"core\/image\" data-wp-key=\"69e387f4ad1cc\" class=\"wp-block-image size-large wp-lightbox-container\"><img loading=\"lazy\" decoding=\"async\" width=\"763\" height=\"1024\" data-wp-class--hide=\"state.isContentHidden\" data-wp-class--show=\"state.isContentVisible\" data-wp-init=\"callbacks.setButtonStyles\" data-wp-on--click=\"actions.showLightbox\" data-wp-on--load=\"callbacks.setButtonStyles\" data-wp-on-window--resize=\"callbacks.setButtonStyles\" data-id=\"27\" src=\"https:\/\/pauca.com.ar\/wp-content\/uploads\/2024\/02\/IMG_7306-763x1024.jpg\" alt=\"\" class=\"wp-image-27\" srcset=\"https:\/\/pauca.com.ar\/wp-content\/uploads\/2024\/02\/IMG_7306-763x1024.jpg 763w, https:\/\/pauca.com.ar\/wp-content\/uploads\/2024\/02\/IMG_7306-223x300.jpg 223w, https:\/\/pauca.com.ar\/wp-content\/uploads\/2024\/02\/IMG_7306-768x1031.jpg 768w, https:\/\/pauca.com.ar\/wp-content\/uploads\/2024\/02\/IMG_7306-1144x1536.jpg 1144w, https:\/\/pauca.com.ar\/wp-content\/uploads\/2024\/02\/IMG_7306-1140x1531.jpg 1140w, https:\/\/pauca.com.ar\/wp-content\/uploads\/2024\/02\/IMG_7306.jpg 1525w\" sizes=\"auto, (max-width: 763px) 100vw, 763px\" \/><button\n\t\t\tclass=\"lightbox-trigger\"\n\t\t\ttype=\"button\"\n\t\t\taria-haspopup=\"dialog\"\n\t\t\taria-label=\"Agrandar\"\n\t\t\tdata-wp-init=\"callbacks.initTriggerButton\"\n\t\t\tdata-wp-on--click=\"actions.showLightbox\"\n\t\t\tdata-wp-style--right=\"state.imageButtonRight\"\n\t\t\tdata-wp-style--top=\"state.imageButtonTop\"\n\t\t>\n\t\t\t<svg xmlns=\"http:\/\/www.w3.org\/2000\/svg\" width=\"12\" height=\"12\" fill=\"none\" viewBox=\"0 0 12 12\">\n\t\t\t\t<path fill=\"#fff\" d=\"M2 0a2 2 0 0 0-2 2v2h1.5V2a.5.5 0 0 1 .5-.5h2V0H2Zm2 10.5H2a.5.5 0 0 1-.5-.5V8H0v2a2 2 0 0 0 2 2h2v-1.5ZM8 12v-1.5h2a.5.5 0 0 0 .5-.5V8H12v2a2 2 0 0 1-2 2H8Zm2-12a2 2 0 0 1 2 2v2h-1.5V2a.5.5 0 0 0-.5-.5H8V0h2Z\" \/>\n\t\t\t<\/svg>\n\t\t<\/button><\/figure>\n\n\n\n<figure data-wp-context=\"{&quot;imageId&quot;:&quot;69e387f4adc11&quot;}\" data-wp-interactive=\"core\/image\" data-wp-key=\"69e387f4adc11\" class=\"wp-block-image size-large wp-lightbox-container\"><img loading=\"lazy\" decoding=\"async\" width=\"683\" height=\"1024\" data-wp-class--hide=\"state.isContentHidden\" data-wp-class--show=\"state.isContentVisible\" data-wp-init=\"callbacks.setButtonStyles\" data-wp-on--click=\"actions.showLightbox\" data-wp-on--load=\"callbacks.setButtonStyles\" data-wp-on-window--resize=\"callbacks.setButtonStyles\" data-id=\"26\" src=\"https:\/\/pauca.com.ar\/wp-content\/uploads\/2024\/02\/SF3A5413A-683x1024.jpg\" alt=\"\" class=\"wp-image-26\" srcset=\"https:\/\/pauca.com.ar\/wp-content\/uploads\/2024\/02\/SF3A5413A-683x1024.jpg 683w, https:\/\/pauca.com.ar\/wp-content\/uploads\/2024\/02\/SF3A5413A-200x300.jpg 200w, https:\/\/pauca.com.ar\/wp-content\/uploads\/2024\/02\/SF3A5413A-768x1152.jpg 768w, https:\/\/pauca.com.ar\/wp-content\/uploads\/2024\/02\/SF3A5413A-1024x1536.jpg 1024w, https:\/\/pauca.com.ar\/wp-content\/uploads\/2024\/02\/SF3A5413A-1140x1710.jpg 1140w, https:\/\/pauca.com.ar\/wp-content\/uploads\/2024\/02\/SF3A5413A.jpg 1365w\" sizes=\"auto, (max-width: 683px) 100vw, 683px\" \/><button\n\t\t\tclass=\"lightbox-trigger\"\n\t\t\ttype=\"button\"\n\t\t\taria-haspopup=\"dialog\"\n\t\t\taria-label=\"Agrandar\"\n\t\t\tdata-wp-init=\"callbacks.initTriggerButton\"\n\t\t\tdata-wp-on--click=\"actions.showLightbox\"\n\t\t\tdata-wp-style--right=\"state.imageButtonRight\"\n\t\t\tdata-wp-style--top=\"state.imageButtonTop\"\n\t\t>\n\t\t\t<svg xmlns=\"http:\/\/www.w3.org\/2000\/svg\" width=\"12\" height=\"12\" fill=\"none\" viewBox=\"0 0 12 12\">\n\t\t\t\t<path fill=\"#fff\" d=\"M2 0a2 2 0 0 0-2 2v2h1.5V2a.5.5 0 0 1 .5-.5h2V0H2Zm2 10.5H2a.5.5 0 0 1-.5-.5V8H0v2a2 2 0 0 0 2 2h2v-1.5ZM8 12v-1.5h2a.5.5 0 0 0 .5-.5V8H12v2a2 2 0 0 1-2 2H8Zm2-12a2 2 0 0 1 2 2v2h-1.5V2a.5.5 0 0 0-.5-.5H8V0h2Z\" \/>\n\t\t\t<\/svg>\n\t\t<\/button><\/figure>\n<\/figure>\n","protected":false},"excerpt":{"rendered":"<p>\u00a1Hola!. Soy Paula Cavadas, fot\u00f3grafa especializada en retrato. Mi Estudio est\u00e1 ubicado en el Barrio de Villa Devoto, a pocos metros del Shopping de Devoto, y de la Plaza Pablo Ricchieri. Es un espacio de 36 m2, totalmente equipado, tanto para fotograf\u00eda de ni\u00f1os, como de adultos. Mi experiencia, en esta profesi\u00f3n, que tanto me apasiona, es de m\u00e1s de 10 a\u00f1os. Como fot\u00f3grafa de familia, quiero acompa\u00f1arte en cada momento importante de tu vida, para dejarlo inmortalizado en im\u00e1genes, que formar\u00e1n parte de tu legado familiar. Busco la autenticidad, naturalidad y originalidad en mis retratos; los amo simples y elegantes. Como fot\u00f3grafa de profesionales, te ayudo a transmitir a trav\u00e9s de fotograf\u00edas, tu identidad, profesionalismo, valores, habilidades, conocimientos y experiencias, para que destaques, mostrando tu personalidad \u00fanica. Retratos con car\u00e1cter, iluminaci\u00f3n perfecta, y est\u00e9ticas variadas. \u00a8El componente m\u00e1s importante de un retrato, es la persona retratada\u00a8. Trabajo con pocos elementos en el set, quiero a la persona como \u00fanico protagonista de la escena. \u00a8Que tus ojos cuenten toda tu historia\u00a8\u2026 Me form\u00e9 como fot\u00f3grafa, en el Taller Escuela La Imagen, y el Nuevo Foto Club Argentino, durante los a\u00f1os 2011 y 2013. A partir del a\u00f1o 2013, complet\u00e9 mis estudios, tomando cursos, y talleres de iluminaci\u00f3n de estudio, eventos sociales, fotograf\u00eda de embarazo, fotograf\u00eda de reci\u00e9n nacidos, fotograf\u00eda infantil y de familia en estudio y exteriores, edici\u00f3n fotogr\u00e1fica, y negocios, con profesionales como: Daniel Gorosito, Catalina \u00c1vila, Maybel Gir\u00f3n, Mar\u00eda Presser, y Fabiana Sebastiani. Particip\u00e9 de Congresos Internacionales, tomando clases con fot\u00f3grafos de renombre internacional como: Pepa Valero, Ema Combin, Gustavo Pomar, Pablo Niizawa, Ivan Oliver, Mar\u00eda Julia Delorenzi, Marina Latanzzi, Diana Carballo, Mila Wells, Nila Costa, Ana Iglesias, Franu Rey, Israel Luri, y Meg Loeks, entre otros. Me encuentro en constante formaci\u00f3n, y actualizada de las nuevas tecnolog\u00edas, tendencias de moda y negocios, para brindarte un servicio de excelencia. Gracias por darme la oportunidad de ayudarte. \u00a8UNA FOTOGRAF\u00cdA, PUEDE SER UN INSTANTE DE LA VIDA, CAPTURADO PARA TODA LA ETERNIDAD\u2026\u00a8<\/p>\n","protected":false},"author":1,"featured_media":0,"parent":0,"menu_order":0,"comment_status":"closed","ping_status":"open","template":"","meta":{"footnotes":""},"class_list":["post-22","page","type-page","status-publish","hentry"],"_links":{"self":[{"href":"https:\/\/pauca.com.ar\/index.php?rest_route=\/wp\/v2\/pages\/22","targetHints":{"allow":["GET"]}}],"collection":[{"href":"https:\/\/pauca.com.ar\/index.php?rest_route=\/wp\/v2\/pages"}],"about":[{"href":"https:\/\/pauca.com.ar\/index.php?rest_route=\/wp\/v2\/types\/page"}],"author":[{"embeddable":true,"href":"https:\/\/pauca.com.ar\/index.php?rest_route=\/wp\/v2\/users\/1"}],"replies":[{"embeddable":true,"href":"https:\/\/pauca.com.ar\/index.php?rest_route=%2Fwp%2Fv2%2Fcomments&post=22"}],"version-history":[{"count":6,"href":"https:\/\/pauca.com.ar\/index.php?rest_route=\/wp\/v2\/pages\/22\/revisions"}],"predecessor-version":[{"id":282,"href":"https:\/\/pauca.com.ar\/index.php?rest_route=\/wp\/v2\/pages\/22\/revisions\/282"}],"wp:attachment":[{"href":"https:\/\/pauca.com.ar\/index.php?rest_route=%2Fwp%2Fv2%2Fmedia&parent=22"}],"curies":[{"name":"wp","href":"https:\/\/api.w.org\/{rel}","templated":true}]}}