{"id":153,"date":"2024-03-01T16:09:36","date_gmt":"2024-03-01T16:09:36","guid":{"rendered":"https:\/\/pauca.com.ar\/?page_id=153"},"modified":"2024-03-26T03:23:23","modified_gmt":"2024-03-26T03:23:23","slug":"retrato-corporativo","status":"publish","type":"page","link":"https:\/\/pauca.com.ar\/?page_id=153","title":{"rendered":"Corporativo y marca personal"},"content":{"rendered":"\n<p>Si tu intenci\u00f3n es comunicar todo acerca de vos. Te recomiendo \u00e9sta Sesi\u00f3n de Fotos, en la que realizar\u00e9 tanto headshots, como retratos de plano americano y cuerpo entero. Con tus manos, tu cuerpo y tu gestualidad, comunicar\u00e1s tu personalidad, esa que te hace \u00fanico\/a, y especial.<\/p>\n\n\n\n<p>La entrevista previa, es fundamental, la tendremos antes de la Sesi\u00f3n de Fotos, en ella conversaremos sobre la est\u00e9tica deseada y la din\u00e1mica de trabajo.<\/p>\n\n\n\n<p>La Sesi\u00f3n de Fotos, tiene una duraci\u00f3n, de 75 minutos, como m\u00e1ximo. El vestuario no est\u00e1 incluido; te asesoro respecto de cu\u00e1l es el m\u00e1s adecuado, teniendo en cuenta la est\u00e9tica deseada y el uso que le dar\u00e1s a las fotograf\u00edas. Te recomiendo que contrates maquillaje y peinado, le dar\u00e1 un acabado perfecto a tus fotos. Te entrego 15 fotograf\u00edas en formato digital, en alta calidad, previo env\u00edo de un muestrario para la elecci\u00f3n de la finalistas. Realizo edici\u00f3n profesional, en la que se incluye retoque de piel. Entrego el material con link de descarga, v\u00eda WeTransfer o Google Drive. Ten\u00e9s la posibilidad de agregar fotos extras al paquete, de manera adicional, al igual que productos impresos: fotolibros, fotocuadros, cajas contenedoras de fotos, impresiones y m\u00e1s.<\/p>\n\n\n\n<figure class=\"wp-block-gallery has-nested-images columns-default is-cropped wp-block-gallery-1 is-layout-flex wp-block-gallery-is-layout-flex\">\n<figure data-wp-context=\"{&quot;imageId&quot;:&quot;69e3a24e51431&quot;}\" data-wp-interactive=\"core\/image\" data-wp-key=\"69e3a24e51431\" class=\"wp-block-image size-large wp-lightbox-container\"><img loading=\"lazy\" decoding=\"async\" width=\"683\" height=\"1024\" data-wp-class--hide=\"state.isContentHidden\" data-wp-class--show=\"state.isContentVisible\" data-wp-init=\"callbacks.setButtonStyles\" data-wp-on--click=\"actions.showLightbox\" data-wp-on--load=\"callbacks.setButtonStyles\" data-wp-on-window--resize=\"callbacks.setButtonStyles\" data-id=\"211\" src=\"https:\/\/pauca.com.ar\/wp-content\/uploads\/2024\/03\/1H8A0628A-683x1024.jpg\" alt=\"\" class=\"wp-image-211\" srcset=\"https:\/\/pauca.com.ar\/wp-content\/uploads\/2024\/03\/1H8A0628A-683x1024.jpg 683w, https:\/\/pauca.com.ar\/wp-content\/uploads\/2024\/03\/1H8A0628A-200x300.jpg 200w, https:\/\/pauca.com.ar\/wp-content\/uploads\/2024\/03\/1H8A0628A-768x1151.jpg 768w, https:\/\/pauca.com.ar\/wp-content\/uploads\/2024\/03\/1H8A0628A-1025x1536.jpg 1025w, https:\/\/pauca.com.ar\/wp-content\/uploads\/2024\/03\/1H8A0628A-1140x1709.jpg 1140w, https:\/\/pauca.com.ar\/wp-content\/uploads\/2024\/03\/1H8A0628A.jpg 1366w\" sizes=\"auto, (max-width: 683px) 100vw, 683px\" \/><button\n\t\t\tclass=\"lightbox-trigger\"\n\t\t\ttype=\"button\"\n\t\t\taria-haspopup=\"dialog\"\n\t\t\taria-label=\"Agrandar\"\n\t\t\tdata-wp-init=\"callbacks.initTriggerButton\"\n\t\t\tdata-wp-on--click=\"actions.showLightbox\"\n\t\t\tdata-wp-style--right=\"state.imageButtonRight\"\n\t\t\tdata-wp-style--top=\"state.imageButtonTop\"\n\t\t>\n\t\t\t<svg xmlns=\"http:\/\/www.w3.org\/2000\/svg\" width=\"12\" height=\"12\" fill=\"none\" viewBox=\"0 0 12 12\">\n\t\t\t\t<path fill=\"#fff\" d=\"M2 0a2 2 0 0 0-2 2v2h1.5V2a.5.5 0 0 1 .5-.5h2V0H2Zm2 10.5H2a.5.5 0 0 1-.5-.5V8H0v2a2 2 0 0 0 2 2h2v-1.5ZM8 12v-1.5h2a.5.5 0 0 0 .5-.5V8H12v2a2 2 0 0 1-2 2H8Zm2-12a2 2 0 0 1 2 2v2h-1.5V2a.5.5 0 0 0-.5-.5H8V0h2Z\" \/>\n\t\t\t<\/svg>\n\t\t<\/button><\/figure>\n\n\n\n<figure data-wp-context=\"{&quot;imageId&quot;:&quot;69e3a24e51f4c&quot;}\" data-wp-interactive=\"core\/image\" data-wp-key=\"69e3a24e51f4c\" class=\"wp-block-image size-large wp-lightbox-container\"><img loading=\"lazy\" decoding=\"async\" width=\"683\" height=\"1024\" data-wp-class--hide=\"state.isContentHidden\" data-wp-class--show=\"state.isContentVisible\" data-wp-init=\"callbacks.setButtonStyles\" data-wp-on--click=\"actions.showLightbox\" data-wp-on--load=\"callbacks.setButtonStyles\" data-wp-on-window--resize=\"callbacks.setButtonStyles\" data-id=\"212\" src=\"https:\/\/pauca.com.ar\/wp-content\/uploads\/2024\/03\/1H8A0632A-683x1024.jpg\" alt=\"\" class=\"wp-image-212\" srcset=\"https:\/\/pauca.com.ar\/wp-content\/uploads\/2024\/03\/1H8A0632A-683x1024.jpg 683w, https:\/\/pauca.com.ar\/wp-content\/uploads\/2024\/03\/1H8A0632A-200x300.jpg 200w, https:\/\/pauca.com.ar\/wp-content\/uploads\/2024\/03\/1H8A0632A-768x1152.jpg 768w, https:\/\/pauca.com.ar\/wp-content\/uploads\/2024\/03\/1H8A0632A-1024x1536.jpg 1024w, https:\/\/pauca.com.ar\/wp-content\/uploads\/2024\/03\/1H8A0632A-1140x1710.jpg 1140w, https:\/\/pauca.com.ar\/wp-content\/uploads\/2024\/03\/1H8A0632A.jpg 1365w\" sizes=\"auto, (max-width: 683px) 100vw, 683px\" \/><button\n\t\t\tclass=\"lightbox-trigger\"\n\t\t\ttype=\"button\"\n\t\t\taria-haspopup=\"dialog\"\n\t\t\taria-label=\"Agrandar\"\n\t\t\tdata-wp-init=\"callbacks.initTriggerButton\"\n\t\t\tdata-wp-on--click=\"actions.showLightbox\"\n\t\t\tdata-wp-style--right=\"state.imageButtonRight\"\n\t\t\tdata-wp-style--top=\"state.imageButtonTop\"\n\t\t>\n\t\t\t<svg xmlns=\"http:\/\/www.w3.org\/2000\/svg\" width=\"12\" height=\"12\" fill=\"none\" viewBox=\"0 0 12 12\">\n\t\t\t\t<path fill=\"#fff\" d=\"M2 0a2 2 0 0 0-2 2v2h1.5V2a.5.5 0 0 1 .5-.5h2V0H2Zm2 10.5H2a.5.5 0 0 1-.5-.5V8H0v2a2 2 0 0 0 2 2h2v-1.5ZM8 12v-1.5h2a.5.5 0 0 0 .5-.5V8H12v2a2 2 0 0 1-2 2H8Zm2-12a2 2 0 0 1 2 2v2h-1.5V2a.5.5 0 0 0-.5-.5H8V0h2Z\" \/>\n\t\t\t<\/svg>\n\t\t<\/button><\/figure>\n\n\n\n<figure data-wp-context=\"{&quot;imageId&quot;:&quot;69e3a24e528aa&quot;}\" data-wp-interactive=\"core\/image\" data-wp-key=\"69e3a24e528aa\" class=\"wp-block-image size-large wp-lightbox-container\"><img loading=\"lazy\" decoding=\"async\" width=\"683\" height=\"1024\" data-wp-class--hide=\"state.isContentHidden\" data-wp-class--show=\"state.isContentVisible\" data-wp-init=\"callbacks.setButtonStyles\" data-wp-on--click=\"actions.showLightbox\" data-wp-on--load=\"callbacks.setButtonStyles\" data-wp-on-window--resize=\"callbacks.setButtonStyles\" data-id=\"213\" src=\"https:\/\/pauca.com.ar\/wp-content\/uploads\/2024\/03\/1H8A0648A-1-683x1024.jpg\" alt=\"\" class=\"wp-image-213\" srcset=\"https:\/\/pauca.com.ar\/wp-content\/uploads\/2024\/03\/1H8A0648A-1-683x1024.jpg 683w, https:\/\/pauca.com.ar\/wp-content\/uploads\/2024\/03\/1H8A0648A-1-200x300.jpg 200w, https:\/\/pauca.com.ar\/wp-content\/uploads\/2024\/03\/1H8A0648A-1-768x1152.jpg 768w, https:\/\/pauca.com.ar\/wp-content\/uploads\/2024\/03\/1H8A0648A-1-1024x1536.jpg 1024w, https:\/\/pauca.com.ar\/wp-content\/uploads\/2024\/03\/1H8A0648A-1-1140x1710.jpg 1140w, https:\/\/pauca.com.ar\/wp-content\/uploads\/2024\/03\/1H8A0648A-1.jpg 1365w\" sizes=\"auto, (max-width: 683px) 100vw, 683px\" \/><button\n\t\t\tclass=\"lightbox-trigger\"\n\t\t\ttype=\"button\"\n\t\t\taria-haspopup=\"dialog\"\n\t\t\taria-label=\"Agrandar\"\n\t\t\tdata-wp-init=\"callbacks.initTriggerButton\"\n\t\t\tdata-wp-on--click=\"actions.showLightbox\"\n\t\t\tdata-wp-style--right=\"state.imageButtonRight\"\n\t\t\tdata-wp-style--top=\"state.imageButtonTop\"\n\t\t>\n\t\t\t<svg xmlns=\"http:\/\/www.w3.org\/2000\/svg\" width=\"12\" height=\"12\" fill=\"none\" viewBox=\"0 0 12 12\">\n\t\t\t\t<path fill=\"#fff\" d=\"M2 0a2 2 0 0 0-2 2v2h1.5V2a.5.5 0 0 1 .5-.5h2V0H2Zm2 10.5H2a.5.5 0 0 1-.5-.5V8H0v2a2 2 0 0 0 2 2h2v-1.5ZM8 12v-1.5h2a.5.5 0 0 0 .5-.5V8H12v2a2 2 0 0 1-2 2H8Zm2-12a2 2 0 0 1 2 2v2h-1.5V2a.5.5 0 0 0-.5-.5H8V0h2Z\" \/>\n\t\t\t<\/svg>\n\t\t<\/button><\/figure>\n\n\n\n<figure data-wp-context=\"{&quot;imageId&quot;:&quot;69e3a24e5340f&quot;}\" data-wp-interactive=\"core\/image\" data-wp-key=\"69e3a24e5340f\" class=\"wp-block-image size-large wp-lightbox-container\"><img loading=\"lazy\" decoding=\"async\" width=\"683\" height=\"1024\" data-wp-class--hide=\"state.isContentHidden\" data-wp-class--show=\"state.isContentVisible\" data-wp-init=\"callbacks.setButtonStyles\" data-wp-on--click=\"actions.showLightbox\" data-wp-on--load=\"callbacks.setButtonStyles\" data-wp-on-window--resize=\"callbacks.setButtonStyles\" data-id=\"214\" src=\"https:\/\/pauca.com.ar\/wp-content\/uploads\/2024\/03\/1H8A2916A-1-683x1024.jpg\" alt=\"\" class=\"wp-image-214\" srcset=\"https:\/\/pauca.com.ar\/wp-content\/uploads\/2024\/03\/1H8A2916A-1-683x1024.jpg 683w, https:\/\/pauca.com.ar\/wp-content\/uploads\/2024\/03\/1H8A2916A-1-200x300.jpg 200w, https:\/\/pauca.com.ar\/wp-content\/uploads\/2024\/03\/1H8A2916A-1-768x1152.jpg 768w, https:\/\/pauca.com.ar\/wp-content\/uploads\/2024\/03\/1H8A2916A-1-1024x1536.jpg 1024w, https:\/\/pauca.com.ar\/wp-content\/uploads\/2024\/03\/1H8A2916A-1-1140x1710.jpg 1140w, https:\/\/pauca.com.ar\/wp-content\/uploads\/2024\/03\/1H8A2916A-1.jpg 1365w\" sizes=\"auto, (max-width: 683px) 100vw, 683px\" \/><button\n\t\t\tclass=\"lightbox-trigger\"\n\t\t\ttype=\"button\"\n\t\t\taria-haspopup=\"dialog\"\n\t\t\taria-label=\"Agrandar\"\n\t\t\tdata-wp-init=\"callbacks.initTriggerButton\"\n\t\t\tdata-wp-on--click=\"actions.showLightbox\"\n\t\t\tdata-wp-style--right=\"state.imageButtonRight\"\n\t\t\tdata-wp-style--top=\"state.imageButtonTop\"\n\t\t>\n\t\t\t<svg xmlns=\"http:\/\/www.w3.org\/2000\/svg\" width=\"12\" height=\"12\" fill=\"none\" viewBox=\"0 0 12 12\">\n\t\t\t\t<path fill=\"#fff\" d=\"M2 0a2 2 0 0 0-2 2v2h1.5V2a.5.5 0 0 1 .5-.5h2V0H2Zm2 10.5H2a.5.5 0 0 1-.5-.5V8H0v2a2 2 0 0 0 2 2h2v-1.5ZM8 12v-1.5h2a.5.5 0 0 0 .5-.5V8H12v2a2 2 0 0 1-2 2H8Zm2-12a2 2 0 0 1 2 2v2h-1.5V2a.5.5 0 0 0-.5-.5H8V0h2Z\" \/>\n\t\t\t<\/svg>\n\t\t<\/button><\/figure>\n\n\n\n<figure data-wp-context=\"{&quot;imageId&quot;:&quot;69e3a24e568f8&quot;}\" data-wp-interactive=\"core\/image\" data-wp-key=\"69e3a24e568f8\" class=\"wp-block-image size-large wp-lightbox-container\"><img loading=\"lazy\" decoding=\"async\" width=\"683\" height=\"1024\" data-wp-class--hide=\"state.isContentHidden\" data-wp-class--show=\"state.isContentVisible\" data-wp-init=\"callbacks.setButtonStyles\" data-wp-on--click=\"actions.showLightbox\" data-wp-on--load=\"callbacks.setButtonStyles\" data-wp-on-window--resize=\"callbacks.setButtonStyles\" data-id=\"286\" src=\"https:\/\/pauca.com.ar\/wp-content\/uploads\/2024\/03\/SF3A5925B-1-683x1024.jpg\" alt=\"\" class=\"wp-image-286\" srcset=\"https:\/\/pauca.com.ar\/wp-content\/uploads\/2024\/03\/SF3A5925B-1-683x1024.jpg 683w, https:\/\/pauca.com.ar\/wp-content\/uploads\/2024\/03\/SF3A5925B-1-200x300.jpg 200w, https:\/\/pauca.com.ar\/wp-content\/uploads\/2024\/03\/SF3A5925B-1-768x1152.jpg 768w, https:\/\/pauca.com.ar\/wp-content\/uploads\/2024\/03\/SF3A5925B-1-1024x1536.jpg 1024w, https:\/\/pauca.com.ar\/wp-content\/uploads\/2024\/03\/SF3A5925B-1-1140x1710.jpg 1140w, https:\/\/pauca.com.ar\/wp-content\/uploads\/2024\/03\/SF3A5925B-1.jpg 1365w\" sizes=\"auto, (max-width: 683px) 100vw, 683px\" \/><button\n\t\t\tclass=\"lightbox-trigger\"\n\t\t\ttype=\"button\"\n\t\t\taria-haspopup=\"dialog\"\n\t\t\taria-label=\"Agrandar\"\n\t\t\tdata-wp-init=\"callbacks.initTriggerButton\"\n\t\t\tdata-wp-on--click=\"actions.showLightbox\"\n\t\t\tdata-wp-style--right=\"state.imageButtonRight\"\n\t\t\tdata-wp-style--top=\"state.imageButtonTop\"\n\t\t>\n\t\t\t<svg xmlns=\"http:\/\/www.w3.org\/2000\/svg\" width=\"12\" height=\"12\" fill=\"none\" viewBox=\"0 0 12 12\">\n\t\t\t\t<path fill=\"#fff\" d=\"M2 0a2 2 0 0 0-2 2v2h1.5V2a.5.5 0 0 1 .5-.5h2V0H2Zm2 10.5H2a.5.5 0 0 1-.5-.5V8H0v2a2 2 0 0 0 2 2h2v-1.5ZM8 12v-1.5h2a.5.5 0 0 0 .5-.5V8H12v2a2 2 0 0 1-2 2H8Zm2-12a2 2 0 0 1 2 2v2h-1.5V2a.5.5 0 0 0-.5-.5H8V0h2Z\" \/>\n\t\t\t<\/svg>\n\t\t<\/button><\/figure>\n\n\n\n<figure data-wp-context=\"{&quot;imageId&quot;:&quot;69e3a24e57b48&quot;}\" data-wp-interactive=\"core\/image\" data-wp-key=\"69e3a24e57b48\" class=\"wp-block-image size-large wp-lightbox-container\"><img loading=\"lazy\" decoding=\"async\" width=\"683\" height=\"1024\" data-wp-class--hide=\"state.isContentHidden\" data-wp-class--show=\"state.isContentVisible\" data-wp-init=\"callbacks.setButtonStyles\" data-wp-on--click=\"actions.showLightbox\" data-wp-on--load=\"callbacks.setButtonStyles\" data-wp-on-window--resize=\"callbacks.setButtonStyles\" data-id=\"300\" src=\"https:\/\/pauca.com.ar\/wp-content\/uploads\/2024\/03\/SF3A5932A-1-683x1024.jpg\" alt=\"\" class=\"wp-image-300\" srcset=\"https:\/\/pauca.com.ar\/wp-content\/uploads\/2024\/03\/SF3A5932A-1-683x1024.jpg 683w, https:\/\/pauca.com.ar\/wp-content\/uploads\/2024\/03\/SF3A5932A-1-200x300.jpg 200w, https:\/\/pauca.com.ar\/wp-content\/uploads\/2024\/03\/SF3A5932A-1-768x1151.jpg 768w, https:\/\/pauca.com.ar\/wp-content\/uploads\/2024\/03\/SF3A5932A-1-1025x1536.jpg 1025w, https:\/\/pauca.com.ar\/wp-content\/uploads\/2024\/03\/SF3A5932A-1-1140x1709.jpg 1140w, https:\/\/pauca.com.ar\/wp-content\/uploads\/2024\/03\/SF3A5932A-1.jpg 1366w\" sizes=\"auto, (max-width: 683px) 100vw, 683px\" \/><button\n\t\t\tclass=\"lightbox-trigger\"\n\t\t\ttype=\"button\"\n\t\t\taria-haspopup=\"dialog\"\n\t\t\taria-label=\"Agrandar\"\n\t\t\tdata-wp-init=\"callbacks.initTriggerButton\"\n\t\t\tdata-wp-on--click=\"actions.showLightbox\"\n\t\t\tdata-wp-style--right=\"state.imageButtonRight\"\n\t\t\tdata-wp-style--top=\"state.imageButtonTop\"\n\t\t>\n\t\t\t<svg xmlns=\"http:\/\/www.w3.org\/2000\/svg\" width=\"12\" height=\"12\" fill=\"none\" viewBox=\"0 0 12 12\">\n\t\t\t\t<path fill=\"#fff\" d=\"M2 0a2 2 0 0 0-2 2v2h1.5V2a.5.5 0 0 1 .5-.5h2V0H2Zm2 10.5H2a.5.5 0 0 1-.5-.5V8H0v2a2 2 0 0 0 2 2h2v-1.5ZM8 12v-1.5h2a.5.5 0 0 0 .5-.5V8H12v2a2 2 0 0 1-2 2H8Zm2-12a2 2 0 0 1 2 2v2h-1.5V2a.5.5 0 0 0-.5-.5H8V0h2Z\" \/>\n\t\t\t<\/svg>\n\t\t<\/button><\/figure>\n\n\n\n<figure data-wp-context=\"{&quot;imageId&quot;:&quot;69e3a24e5872a&quot;}\" data-wp-interactive=\"core\/image\" data-wp-key=\"69e3a24e5872a\" class=\"wp-block-image size-large wp-lightbox-container\"><img loading=\"lazy\" decoding=\"async\" width=\"683\" height=\"1024\" data-wp-class--hide=\"state.isContentHidden\" data-wp-class--show=\"state.isContentVisible\" data-wp-init=\"callbacks.setButtonStyles\" data-wp-on--click=\"actions.showLightbox\" data-wp-on--load=\"callbacks.setButtonStyles\" data-wp-on-window--resize=\"callbacks.setButtonStyles\" data-id=\"289\" src=\"https:\/\/pauca.com.ar\/wp-content\/uploads\/2024\/03\/SF3A5882B-1-683x1024.jpg\" alt=\"\" class=\"wp-image-289\" srcset=\"https:\/\/pauca.com.ar\/wp-content\/uploads\/2024\/03\/SF3A5882B-1-683x1024.jpg 683w, https:\/\/pauca.com.ar\/wp-content\/uploads\/2024\/03\/SF3A5882B-1-200x300.jpg 200w, https:\/\/pauca.com.ar\/wp-content\/uploads\/2024\/03\/SF3A5882B-1-768x1151.jpg 768w, https:\/\/pauca.com.ar\/wp-content\/uploads\/2024\/03\/SF3A5882B-1-1025x1536.jpg 1025w, https:\/\/pauca.com.ar\/wp-content\/uploads\/2024\/03\/SF3A5882B-1-1140x1709.jpg 1140w, https:\/\/pauca.com.ar\/wp-content\/uploads\/2024\/03\/SF3A5882B-1.jpg 1366w\" sizes=\"auto, (max-width: 683px) 100vw, 683px\" \/><button\n\t\t\tclass=\"lightbox-trigger\"\n\t\t\ttype=\"button\"\n\t\t\taria-haspopup=\"dialog\"\n\t\t\taria-label=\"Agrandar\"\n\t\t\tdata-wp-init=\"callbacks.initTriggerButton\"\n\t\t\tdata-wp-on--click=\"actions.showLightbox\"\n\t\t\tdata-wp-style--right=\"state.imageButtonRight\"\n\t\t\tdata-wp-style--top=\"state.imageButtonTop\"\n\t\t>\n\t\t\t<svg xmlns=\"http:\/\/www.w3.org\/2000\/svg\" width=\"12\" height=\"12\" fill=\"none\" viewBox=\"0 0 12 12\">\n\t\t\t\t<path fill=\"#fff\" d=\"M2 0a2 2 0 0 0-2 2v2h1.5V2a.5.5 0 0 1 .5-.5h2V0H2Zm2 10.5H2a.5.5 0 0 1-.5-.5V8H0v2a2 2 0 0 0 2 2h2v-1.5ZM8 12v-1.5h2a.5.5 0 0 0 .5-.5V8H12v2a2 2 0 0 1-2 2H8Zm2-12a2 2 0 0 1 2 2v2h-1.5V2a.5.5 0 0 0-.5-.5H8V0h2Z\" \/>\n\t\t\t<\/svg>\n\t\t<\/button><\/figure>\n\n\n\n<figure data-wp-context=\"{&quot;imageId&quot;:&quot;69e3a24e5904a&quot;}\" data-wp-interactive=\"core\/image\" data-wp-key=\"69e3a24e5904a\" class=\"wp-block-image size-large wp-lightbox-container\"><img loading=\"lazy\" decoding=\"async\" width=\"683\" height=\"1024\" data-wp-class--hide=\"state.isContentHidden\" data-wp-class--show=\"state.isContentVisible\" data-wp-init=\"callbacks.setButtonStyles\" data-wp-on--click=\"actions.showLightbox\" data-wp-on--load=\"callbacks.setButtonStyles\" data-wp-on-window--resize=\"callbacks.setButtonStyles\" data-id=\"218\" src=\"https:\/\/pauca.com.ar\/wp-content\/uploads\/2024\/03\/SF3A5940A-copia-683x1024.jpg\" alt=\"\" class=\"wp-image-218\" srcset=\"https:\/\/pauca.com.ar\/wp-content\/uploads\/2024\/03\/SF3A5940A-copia-683x1024.jpg 683w, https:\/\/pauca.com.ar\/wp-content\/uploads\/2024\/03\/SF3A5940A-copia-200x300.jpg 200w, https:\/\/pauca.com.ar\/wp-content\/uploads\/2024\/03\/SF3A5940A-copia-768x1152.jpg 768w, https:\/\/pauca.com.ar\/wp-content\/uploads\/2024\/03\/SF3A5940A-copia-1024x1536.jpg 1024w, https:\/\/pauca.com.ar\/wp-content\/uploads\/2024\/03\/SF3A5940A-copia-1140x1710.jpg 1140w, https:\/\/pauca.com.ar\/wp-content\/uploads\/2024\/03\/SF3A5940A-copia.jpg 1365w\" sizes=\"auto, (max-width: 683px) 100vw, 683px\" \/><button\n\t\t\tclass=\"lightbox-trigger\"\n\t\t\ttype=\"button\"\n\t\t\taria-haspopup=\"dialog\"\n\t\t\taria-label=\"Agrandar\"\n\t\t\tdata-wp-init=\"callbacks.initTriggerButton\"\n\t\t\tdata-wp-on--click=\"actions.showLightbox\"\n\t\t\tdata-wp-style--right=\"state.imageButtonRight\"\n\t\t\tdata-wp-style--top=\"state.imageButtonTop\"\n\t\t>\n\t\t\t<svg xmlns=\"http:\/\/www.w3.org\/2000\/svg\" width=\"12\" height=\"12\" fill=\"none\" viewBox=\"0 0 12 12\">\n\t\t\t\t<path fill=\"#fff\" d=\"M2 0a2 2 0 0 0-2 2v2h1.5V2a.5.5 0 0 1 .5-.5h2V0H2Zm2 10.5H2a.5.5 0 0 1-.5-.5V8H0v2a2 2 0 0 0 2 2h2v-1.5ZM8 12v-1.5h2a.5.5 0 0 0 .5-.5V8H12v2a2 2 0 0 1-2 2H8Zm2-12a2 2 0 0 1 2 2v2h-1.5V2a.5.5 0 0 0-.5-.5H8V0h2Z\" \/>\n\t\t\t<\/svg>\n\t\t<\/button><\/figure>\n\n\n\n<figure data-wp-context=\"{&quot;imageId&quot;:&quot;69e3a24e59ba3&quot;}\" data-wp-interactive=\"core\/image\" data-wp-key=\"69e3a24e59ba3\" class=\"wp-block-image size-large wp-lightbox-container\"><img loading=\"lazy\" decoding=\"async\" width=\"683\" height=\"1024\" data-wp-class--hide=\"state.isContentHidden\" data-wp-class--show=\"state.isContentVisible\" data-wp-init=\"callbacks.setButtonStyles\" data-wp-on--click=\"actions.showLightbox\" data-wp-on--load=\"callbacks.setButtonStyles\" data-wp-on-window--resize=\"callbacks.setButtonStyles\" data-id=\"219\" src=\"https:\/\/pauca.com.ar\/wp-content\/uploads\/2024\/03\/SF3A5949A-683x1024.jpg\" alt=\"\" class=\"wp-image-219\" srcset=\"https:\/\/pauca.com.ar\/wp-content\/uploads\/2024\/03\/SF3A5949A-683x1024.jpg 683w, https:\/\/pauca.com.ar\/wp-content\/uploads\/2024\/03\/SF3A5949A-200x300.jpg 200w, https:\/\/pauca.com.ar\/wp-content\/uploads\/2024\/03\/SF3A5949A-768x1151.jpg 768w, https:\/\/pauca.com.ar\/wp-content\/uploads\/2024\/03\/SF3A5949A-1025x1536.jpg 1025w, https:\/\/pauca.com.ar\/wp-content\/uploads\/2024\/03\/SF3A5949A-1140x1709.jpg 1140w, https:\/\/pauca.com.ar\/wp-content\/uploads\/2024\/03\/SF3A5949A.jpg 1366w\" sizes=\"auto, (max-width: 683px) 100vw, 683px\" \/><button\n\t\t\tclass=\"lightbox-trigger\"\n\t\t\ttype=\"button\"\n\t\t\taria-haspopup=\"dialog\"\n\t\t\taria-label=\"Agrandar\"\n\t\t\tdata-wp-init=\"callbacks.initTriggerButton\"\n\t\t\tdata-wp-on--click=\"actions.showLightbox\"\n\t\t\tdata-wp-style--right=\"state.imageButtonRight\"\n\t\t\tdata-wp-style--top=\"state.imageButtonTop\"\n\t\t>\n\t\t\t<svg xmlns=\"http:\/\/www.w3.org\/2000\/svg\" width=\"12\" height=\"12\" fill=\"none\" viewBox=\"0 0 12 12\">\n\t\t\t\t<path fill=\"#fff\" d=\"M2 0a2 2 0 0 0-2 2v2h1.5V2a.5.5 0 0 1 .5-.5h2V0H2Zm2 10.5H2a.5.5 0 0 1-.5-.5V8H0v2a2 2 0 0 0 2 2h2v-1.5ZM8 12v-1.5h2a.5.5 0 0 0 .5-.5V8H12v2a2 2 0 0 1-2 2H8Zm2-12a2 2 0 0 1 2 2v2h-1.5V2a.5.5 0 0 0-.5-.5H8V0h2Z\" \/>\n\t\t\t<\/svg>\n\t\t<\/button><\/figure>\n<\/figure>\n","protected":false},"excerpt":{"rendered":"<p>Si tu intenci\u00f3n es comunicar todo acerca de vos. Te recomiendo \u00e9sta Sesi\u00f3n de Fotos, en la que realizar\u00e9 tanto headshots, como retratos de plano americano y cuerpo entero. Con tus manos, tu cuerpo y tu gestualidad, comunicar\u00e1s tu personalidad, esa que te hace \u00fanico\/a, y especial. La entrevista previa, es fundamental, la tendremos antes de la Sesi\u00f3n de Fotos, en ella conversaremos sobre la est\u00e9tica deseada y la din\u00e1mica de trabajo. La Sesi\u00f3n de Fotos, tiene una duraci\u00f3n, de 75 minutos, como m\u00e1ximo. El vestuario no est\u00e1 incluido; te asesoro respecto de cu\u00e1l es el m\u00e1s adecuado, teniendo en cuenta la est\u00e9tica deseada y el uso que le dar\u00e1s a las fotograf\u00edas. Te recomiendo que contrates maquillaje y peinado, le dar\u00e1 un acabado perfecto a tus fotos. Te entrego 15 fotograf\u00edas en formato digital, en alta calidad, previo env\u00edo de un muestrario para la elecci\u00f3n de la finalistas. Realizo edici\u00f3n profesional, en la que se incluye retoque de piel. Entrego el material con link de descarga, v\u00eda WeTransfer o Google Drive. Ten\u00e9s la posibilidad de agregar fotos extras al paquete, de manera adicional, al igual que productos impresos: fotolibros, fotocuadros, cajas contenedoras de fotos, impresiones y m\u00e1s.<\/p>\n","protected":false},"author":1,"featured_media":0,"parent":0,"menu_order":0,"comment_status":"closed","ping_status":"open","template":"","meta":{"footnotes":""},"class_list":["post-153","page","type-page","status-publish","hentry"],"_links":{"self":[{"href":"https:\/\/pauca.com.ar\/index.php?rest_route=\/wp\/v2\/pages\/153","targetHints":{"allow":["GET"]}}],"collection":[{"href":"https:\/\/pauca.com.ar\/index.php?rest_route=\/wp\/v2\/pages"}],"about":[{"href":"https:\/\/pauca.com.ar\/index.php?rest_route=\/wp\/v2\/types\/page"}],"author":[{"embeddable":true,"href":"https:\/\/pauca.com.ar\/index.php?rest_route=\/wp\/v2\/users\/1"}],"replies":[{"embeddable":true,"href":"https:\/\/pauca.com.ar\/index.php?rest_route=%2Fwp%2Fv2%2Fcomments&post=153"}],"version-history":[{"count":8,"href":"https:\/\/pauca.com.ar\/index.php?rest_route=\/wp\/v2\/pages\/153\/revisions"}],"predecessor-version":[{"id":323,"href":"https:\/\/pauca.com.ar\/index.php?rest_route=\/wp\/v2\/pages\/153\/revisions\/323"}],"wp:attachment":[{"href":"https:\/\/pauca.com.ar\/index.php?rest_route=%2Fwp%2Fv2%2Fmedia&parent=153"}],"curies":[{"name":"wp","href":"https:\/\/api.w.org\/{rel}","templated":true}]}}