{"id":151,"date":"2024-03-01T16:08:33","date_gmt":"2024-03-01T16:08:33","guid":{"rendered":"https:\/\/pauca.com.ar\/?page_id=151"},"modified":"2024-03-26T03:22:03","modified_gmt":"2024-03-26T03:22:03","slug":"headshots","status":"publish","type":"page","link":"https:\/\/pauca.com.ar\/?page_id=151","title":{"rendered":"Headshots"},"content":{"rendered":"\n<p>Tu foto de perfil, es tu primer acto de comunicaci\u00f3n. Una fotograf\u00eda profesional te garantiza un impacto positivo en los dem\u00e1s, y puede determinar si un potencial cliente, te contacta o no. En \u00e9sta Sesi\u00f3n realizo fotograf\u00edas de plano corto (hasta los hombros), en el Estudio o en tu lugar de trabajo.<\/p>\n\n\n\n<p>La entrevista previa, es fundamental, la tendremos antes de la Sesi\u00f3n de Fotos, en ella conversaremos sobre la est\u00e9tica deseada y la din\u00e1mica de trabajo.<\/p>\n\n\n\n<p>La Sesi\u00f3n de Fotos, tiene una duraci\u00f3n, de 60 minutos, como m\u00e1ximo. El vestuario no est\u00e1 inclu\u00eddo; te asesoro respecto de cu\u00e1l es el m\u00e1s adecuado, teniendo en cuenta la est\u00e9tica deseada y el uso que le dar\u00e1s a las fotograf\u00edas. Te recomiendo que contrates maquillaje y peinado, le dar\u00e1 un acabado perfecto a tus fotos. Te entrego 10 fotograf\u00edas en formato digital, en alta calidad, previo env\u00edo de un muestrario para la elecci\u00f3n de la finalistas. Realizo edici\u00f3n profesional, en la que se incluye retoque de piel. Entrego el material con link de descarga, v\u00eda WeTransfer o Google Drive. Ten\u00e9s la posibilidad de agregar fotos extras al paquete, de manera adicional, al igual que productos impresos: fotolibros, fotocuadros, cajas contenedoras de fotos, impresiones y m\u00e1s.<\/p>\n\n\n\n<p><em>Las Sesiones de Fotos Headshots, tambi\u00e9n se realizan para empresas, que desean que su personal, tenga las&nbsp; fotos de sus&nbsp; perfiles, con una misma est\u00e9tica y calidad fotogr\u00e1fica. Brindo este servicio a domicilio, con un set totalmente personalizado, que puede ser repetido, tantas veces como sea necesario, para futuras incorporaciones de personal.<\/em><\/p>\n\n\n\n<figure class=\"wp-block-gallery has-nested-images columns-default is-cropped wp-block-gallery-1 is-layout-flex wp-block-gallery-is-layout-flex\">\n<figure data-wp-context=\"{&quot;imageId&quot;:&quot;69e3a12d9bb61&quot;}\" data-wp-interactive=\"core\/image\" data-wp-key=\"69e3a12d9bb61\" class=\"wp-block-image size-large wp-lightbox-container\"><img loading=\"lazy\" decoding=\"async\" width=\"683\" height=\"1024\" data-wp-class--hide=\"state.isContentHidden\" data-wp-class--show=\"state.isContentVisible\" data-wp-init=\"callbacks.setButtonStyles\" data-wp-on--click=\"actions.showLightbox\" data-wp-on--load=\"callbacks.setButtonStyles\" data-wp-on-window--resize=\"callbacks.setButtonStyles\" data-id=\"222\" src=\"https:\/\/pauca.com.ar\/wp-content\/uploads\/2024\/03\/1H8A5944A-683x1024.jpg\" alt=\"\" class=\"wp-image-222\" srcset=\"https:\/\/pauca.com.ar\/wp-content\/uploads\/2024\/03\/1H8A5944A-683x1024.jpg 683w, https:\/\/pauca.com.ar\/wp-content\/uploads\/2024\/03\/1H8A5944A-200x300.jpg 200w, https:\/\/pauca.com.ar\/wp-content\/uploads\/2024\/03\/1H8A5944A-768x1152.jpg 768w, https:\/\/pauca.com.ar\/wp-content\/uploads\/2024\/03\/1H8A5944A-1024x1536.jpg 1024w, https:\/\/pauca.com.ar\/wp-content\/uploads\/2024\/03\/1H8A5944A-1140x1710.jpg 1140w, https:\/\/pauca.com.ar\/wp-content\/uploads\/2024\/03\/1H8A5944A.jpg 1365w\" sizes=\"auto, (max-width: 683px) 100vw, 683px\" \/><button\n\t\t\tclass=\"lightbox-trigger\"\n\t\t\ttype=\"button\"\n\t\t\taria-haspopup=\"dialog\"\n\t\t\taria-label=\"Agrandar\"\n\t\t\tdata-wp-init=\"callbacks.initTriggerButton\"\n\t\t\tdata-wp-on--click=\"actions.showLightbox\"\n\t\t\tdata-wp-style--right=\"state.imageButtonRight\"\n\t\t\tdata-wp-style--top=\"state.imageButtonTop\"\n\t\t>\n\t\t\t<svg xmlns=\"http:\/\/www.w3.org\/2000\/svg\" width=\"12\" height=\"12\" fill=\"none\" viewBox=\"0 0 12 12\">\n\t\t\t\t<path fill=\"#fff\" d=\"M2 0a2 2 0 0 0-2 2v2h1.5V2a.5.5 0 0 1 .5-.5h2V0H2Zm2 10.5H2a.5.5 0 0 1-.5-.5V8H0v2a2 2 0 0 0 2 2h2v-1.5ZM8 12v-1.5h2a.5.5 0 0 0 .5-.5V8H12v2a2 2 0 0 1-2 2H8Zm2-12a2 2 0 0 1 2 2v2h-1.5V2a.5.5 0 0 0-.5-.5H8V0h2Z\" \/>\n\t\t\t<\/svg>\n\t\t<\/button><\/figure>\n\n\n\n<figure data-wp-context=\"{&quot;imageId&quot;:&quot;69e3a12d9cd4d&quot;}\" data-wp-interactive=\"core\/image\" data-wp-key=\"69e3a12d9cd4d\" class=\"wp-block-image size-large wp-lightbox-container\"><img loading=\"lazy\" decoding=\"async\" width=\"683\" height=\"1024\" data-wp-class--hide=\"state.isContentHidden\" data-wp-class--show=\"state.isContentVisible\" data-wp-init=\"callbacks.setButtonStyles\" data-wp-on--click=\"actions.showLightbox\" data-wp-on--load=\"callbacks.setButtonStyles\" data-wp-on-window--resize=\"callbacks.setButtonStyles\" data-id=\"223\" src=\"https:\/\/pauca.com.ar\/wp-content\/uploads\/2024\/03\/1H8A5985A-1-683x1024.jpg\" alt=\"\" class=\"wp-image-223\" srcset=\"https:\/\/pauca.com.ar\/wp-content\/uploads\/2024\/03\/1H8A5985A-1-683x1024.jpg 683w, https:\/\/pauca.com.ar\/wp-content\/uploads\/2024\/03\/1H8A5985A-1-200x300.jpg 200w, https:\/\/pauca.com.ar\/wp-content\/uploads\/2024\/03\/1H8A5985A-1-768x1151.jpg 768w, https:\/\/pauca.com.ar\/wp-content\/uploads\/2024\/03\/1H8A5985A-1-1025x1536.jpg 1025w, https:\/\/pauca.com.ar\/wp-content\/uploads\/2024\/03\/1H8A5985A-1-1140x1709.jpg 1140w, https:\/\/pauca.com.ar\/wp-content\/uploads\/2024\/03\/1H8A5985A-1.jpg 1366w\" sizes=\"auto, (max-width: 683px) 100vw, 683px\" \/><button\n\t\t\tclass=\"lightbox-trigger\"\n\t\t\ttype=\"button\"\n\t\t\taria-haspopup=\"dialog\"\n\t\t\taria-label=\"Agrandar\"\n\t\t\tdata-wp-init=\"callbacks.initTriggerButton\"\n\t\t\tdata-wp-on--click=\"actions.showLightbox\"\n\t\t\tdata-wp-style--right=\"state.imageButtonRight\"\n\t\t\tdata-wp-style--top=\"state.imageButtonTop\"\n\t\t>\n\t\t\t<svg xmlns=\"http:\/\/www.w3.org\/2000\/svg\" width=\"12\" height=\"12\" fill=\"none\" viewBox=\"0 0 12 12\">\n\t\t\t\t<path fill=\"#fff\" d=\"M2 0a2 2 0 0 0-2 2v2h1.5V2a.5.5 0 0 1 .5-.5h2V0H2Zm2 10.5H2a.5.5 0 0 1-.5-.5V8H0v2a2 2 0 0 0 2 2h2v-1.5ZM8 12v-1.5h2a.5.5 0 0 0 .5-.5V8H12v2a2 2 0 0 1-2 2H8Zm2-12a2 2 0 0 1 2 2v2h-1.5V2a.5.5 0 0 0-.5-.5H8V0h2Z\" \/>\n\t\t\t<\/svg>\n\t\t<\/button><\/figure>\n\n\n\n<figure data-wp-context=\"{&quot;imageId&quot;:&quot;69e3a12d9d926&quot;}\" data-wp-interactive=\"core\/image\" data-wp-key=\"69e3a12d9d926\" class=\"wp-block-image size-large wp-lightbox-container\"><img loading=\"lazy\" decoding=\"async\" width=\"683\" height=\"1024\" data-wp-class--hide=\"state.isContentHidden\" data-wp-class--show=\"state.isContentVisible\" data-wp-init=\"callbacks.setButtonStyles\" data-wp-on--click=\"actions.showLightbox\" data-wp-on--load=\"callbacks.setButtonStyles\" data-wp-on-window--resize=\"callbacks.setButtonStyles\" data-id=\"221\" src=\"https:\/\/pauca.com.ar\/wp-content\/uploads\/2024\/03\/1H8A6003A-683x1024.jpg\" alt=\"\" class=\"wp-image-221\" srcset=\"https:\/\/pauca.com.ar\/wp-content\/uploads\/2024\/03\/1H8A6003A-683x1024.jpg 683w, https:\/\/pauca.com.ar\/wp-content\/uploads\/2024\/03\/1H8A6003A-200x300.jpg 200w, https:\/\/pauca.com.ar\/wp-content\/uploads\/2024\/03\/1H8A6003A-768x1152.jpg 768w, https:\/\/pauca.com.ar\/wp-content\/uploads\/2024\/03\/1H8A6003A-1024x1536.jpg 1024w, https:\/\/pauca.com.ar\/wp-content\/uploads\/2024\/03\/1H8A6003A-1140x1710.jpg 1140w, https:\/\/pauca.com.ar\/wp-content\/uploads\/2024\/03\/1H8A6003A.jpg 1365w\" sizes=\"auto, (max-width: 683px) 100vw, 683px\" \/><button\n\t\t\tclass=\"lightbox-trigger\"\n\t\t\ttype=\"button\"\n\t\t\taria-haspopup=\"dialog\"\n\t\t\taria-label=\"Agrandar\"\n\t\t\tdata-wp-init=\"callbacks.initTriggerButton\"\n\t\t\tdata-wp-on--click=\"actions.showLightbox\"\n\t\t\tdata-wp-style--right=\"state.imageButtonRight\"\n\t\t\tdata-wp-style--top=\"state.imageButtonTop\"\n\t\t>\n\t\t\t<svg xmlns=\"http:\/\/www.w3.org\/2000\/svg\" width=\"12\" height=\"12\" fill=\"none\" viewBox=\"0 0 12 12\">\n\t\t\t\t<path fill=\"#fff\" d=\"M2 0a2 2 0 0 0-2 2v2h1.5V2a.5.5 0 0 1 .5-.5h2V0H2Zm2 10.5H2a.5.5 0 0 1-.5-.5V8H0v2a2 2 0 0 0 2 2h2v-1.5ZM8 12v-1.5h2a.5.5 0 0 0 .5-.5V8H12v2a2 2 0 0 1-2 2H8Zm2-12a2 2 0 0 1 2 2v2h-1.5V2a.5.5 0 0 0-.5-.5H8V0h2Z\" \/>\n\t\t\t<\/svg>\n\t\t<\/button><\/figure>\n\n\n\n<figure data-wp-context=\"{&quot;imageId&quot;:&quot;69e3a12d9e2de&quot;}\" data-wp-interactive=\"core\/image\" data-wp-key=\"69e3a12d9e2de\" class=\"wp-block-image size-large wp-lightbox-container\"><img loading=\"lazy\" decoding=\"async\" width=\"683\" height=\"1024\" data-wp-class--hide=\"state.isContentHidden\" data-wp-class--show=\"state.isContentVisible\" data-wp-init=\"callbacks.setButtonStyles\" data-wp-on--click=\"actions.showLightbox\" data-wp-on--load=\"callbacks.setButtonStyles\" data-wp-on-window--resize=\"callbacks.setButtonStyles\" data-id=\"224\" src=\"https:\/\/pauca.com.ar\/wp-content\/uploads\/2024\/03\/1H8A7049A-683x1024.jpg\" alt=\"\" class=\"wp-image-224\" srcset=\"https:\/\/pauca.com.ar\/wp-content\/uploads\/2024\/03\/1H8A7049A-683x1024.jpg 683w, https:\/\/pauca.com.ar\/wp-content\/uploads\/2024\/03\/1H8A7049A-200x300.jpg 200w, https:\/\/pauca.com.ar\/wp-content\/uploads\/2024\/03\/1H8A7049A-768x1152.jpg 768w, https:\/\/pauca.com.ar\/wp-content\/uploads\/2024\/03\/1H8A7049A-1024x1536.jpg 1024w, https:\/\/pauca.com.ar\/wp-content\/uploads\/2024\/03\/1H8A7049A-1140x1710.jpg 1140w, https:\/\/pauca.com.ar\/wp-content\/uploads\/2024\/03\/1H8A7049A.jpg 1365w\" sizes=\"auto, (max-width: 683px) 100vw, 683px\" \/><button\n\t\t\tclass=\"lightbox-trigger\"\n\t\t\ttype=\"button\"\n\t\t\taria-haspopup=\"dialog\"\n\t\t\taria-label=\"Agrandar\"\n\t\t\tdata-wp-init=\"callbacks.initTriggerButton\"\n\t\t\tdata-wp-on--click=\"actions.showLightbox\"\n\t\t\tdata-wp-style--right=\"state.imageButtonRight\"\n\t\t\tdata-wp-style--top=\"state.imageButtonTop\"\n\t\t>\n\t\t\t<svg xmlns=\"http:\/\/www.w3.org\/2000\/svg\" width=\"12\" height=\"12\" fill=\"none\" viewBox=\"0 0 12 12\">\n\t\t\t\t<path fill=\"#fff\" d=\"M2 0a2 2 0 0 0-2 2v2h1.5V2a.5.5 0 0 1 .5-.5h2V0H2Zm2 10.5H2a.5.5 0 0 1-.5-.5V8H0v2a2 2 0 0 0 2 2h2v-1.5ZM8 12v-1.5h2a.5.5 0 0 0 .5-.5V8H12v2a2 2 0 0 1-2 2H8Zm2-12a2 2 0 0 1 2 2v2h-1.5V2a.5.5 0 0 0-.5-.5H8V0h2Z\" \/>\n\t\t\t<\/svg>\n\t\t<\/button><\/figure>\n\n\n\n<figure data-wp-context=\"{&quot;imageId&quot;:&quot;69e3a12d9ecc4&quot;}\" data-wp-interactive=\"core\/image\" data-wp-key=\"69e3a12d9ecc4\" class=\"wp-block-image size-large wp-lightbox-container\"><img loading=\"lazy\" decoding=\"async\" width=\"683\" height=\"1024\" data-wp-class--hide=\"state.isContentHidden\" data-wp-class--show=\"state.isContentVisible\" data-wp-init=\"callbacks.setButtonStyles\" data-wp-on--click=\"actions.showLightbox\" data-wp-on--load=\"callbacks.setButtonStyles\" data-wp-on-window--resize=\"callbacks.setButtonStyles\" data-id=\"225\" src=\"https:\/\/pauca.com.ar\/wp-content\/uploads\/2024\/03\/1H8A7059A-1-683x1024.jpg\" alt=\"\" class=\"wp-image-225\" srcset=\"https:\/\/pauca.com.ar\/wp-content\/uploads\/2024\/03\/1H8A7059A-1-683x1024.jpg 683w, https:\/\/pauca.com.ar\/wp-content\/uploads\/2024\/03\/1H8A7059A-1-200x300.jpg 200w, https:\/\/pauca.com.ar\/wp-content\/uploads\/2024\/03\/1H8A7059A-1-768x1152.jpg 768w, https:\/\/pauca.com.ar\/wp-content\/uploads\/2024\/03\/1H8A7059A-1-1024x1536.jpg 1024w, https:\/\/pauca.com.ar\/wp-content\/uploads\/2024\/03\/1H8A7059A-1-1140x1710.jpg 1140w, https:\/\/pauca.com.ar\/wp-content\/uploads\/2024\/03\/1H8A7059A-1.jpg 1365w\" sizes=\"auto, (max-width: 683px) 100vw, 683px\" \/><button\n\t\t\tclass=\"lightbox-trigger\"\n\t\t\ttype=\"button\"\n\t\t\taria-haspopup=\"dialog\"\n\t\t\taria-label=\"Agrandar\"\n\t\t\tdata-wp-init=\"callbacks.initTriggerButton\"\n\t\t\tdata-wp-on--click=\"actions.showLightbox\"\n\t\t\tdata-wp-style--right=\"state.imageButtonRight\"\n\t\t\tdata-wp-style--top=\"state.imageButtonTop\"\n\t\t>\n\t\t\t<svg xmlns=\"http:\/\/www.w3.org\/2000\/svg\" width=\"12\" height=\"12\" fill=\"none\" viewBox=\"0 0 12 12\">\n\t\t\t\t<path fill=\"#fff\" d=\"M2 0a2 2 0 0 0-2 2v2h1.5V2a.5.5 0 0 1 .5-.5h2V0H2Zm2 10.5H2a.5.5 0 0 1-.5-.5V8H0v2a2 2 0 0 0 2 2h2v-1.5ZM8 12v-1.5h2a.5.5 0 0 0 .5-.5V8H12v2a2 2 0 0 1-2 2H8Zm2-12a2 2 0 0 1 2 2v2h-1.5V2a.5.5 0 0 0-.5-.5H8V0h2Z\" \/>\n\t\t\t<\/svg>\n\t\t<\/button><\/figure>\n\n\n\n<figure data-wp-context=\"{&quot;imageId&quot;:&quot;69e3a12d9f680&quot;}\" data-wp-interactive=\"core\/image\" data-wp-key=\"69e3a12d9f680\" class=\"wp-block-image size-large wp-lightbox-container\"><img loading=\"lazy\" decoding=\"async\" width=\"683\" height=\"1024\" data-wp-class--hide=\"state.isContentHidden\" data-wp-class--show=\"state.isContentVisible\" data-wp-init=\"callbacks.setButtonStyles\" data-wp-on--click=\"actions.showLightbox\" data-wp-on--load=\"callbacks.setButtonStyles\" data-wp-on-window--resize=\"callbacks.setButtonStyles\" data-id=\"226\" src=\"https:\/\/pauca.com.ar\/wp-content\/uploads\/2024\/03\/1H8A7239A-683x1024.jpg\" alt=\"\" class=\"wp-image-226\" srcset=\"https:\/\/pauca.com.ar\/wp-content\/uploads\/2024\/03\/1H8A7239A-683x1024.jpg 683w, https:\/\/pauca.com.ar\/wp-content\/uploads\/2024\/03\/1H8A7239A-200x300.jpg 200w, https:\/\/pauca.com.ar\/wp-content\/uploads\/2024\/03\/1H8A7239A-768x1152.jpg 768w, https:\/\/pauca.com.ar\/wp-content\/uploads\/2024\/03\/1H8A7239A-1024x1536.jpg 1024w, https:\/\/pauca.com.ar\/wp-content\/uploads\/2024\/03\/1H8A7239A-1140x1710.jpg 1140w, https:\/\/pauca.com.ar\/wp-content\/uploads\/2024\/03\/1H8A7239A.jpg 1365w\" sizes=\"auto, (max-width: 683px) 100vw, 683px\" \/><button\n\t\t\tclass=\"lightbox-trigger\"\n\t\t\ttype=\"button\"\n\t\t\taria-haspopup=\"dialog\"\n\t\t\taria-label=\"Agrandar\"\n\t\t\tdata-wp-init=\"callbacks.initTriggerButton\"\n\t\t\tdata-wp-on--click=\"actions.showLightbox\"\n\t\t\tdata-wp-style--right=\"state.imageButtonRight\"\n\t\t\tdata-wp-style--top=\"state.imageButtonTop\"\n\t\t>\n\t\t\t<svg xmlns=\"http:\/\/www.w3.org\/2000\/svg\" width=\"12\" height=\"12\" fill=\"none\" viewBox=\"0 0 12 12\">\n\t\t\t\t<path fill=\"#fff\" d=\"M2 0a2 2 0 0 0-2 2v2h1.5V2a.5.5 0 0 1 .5-.5h2V0H2Zm2 10.5H2a.5.5 0 0 1-.5-.5V8H0v2a2 2 0 0 0 2 2h2v-1.5ZM8 12v-1.5h2a.5.5 0 0 0 .5-.5V8H12v2a2 2 0 0 1-2 2H8Zm2-12a2 2 0 0 1 2 2v2h-1.5V2a.5.5 0 0 0-.5-.5H8V0h2Z\" \/>\n\t\t\t<\/svg>\n\t\t<\/button><\/figure>\n<\/figure>\n","protected":false},"excerpt":{"rendered":"<p>Tu foto de perfil, es tu primer acto de comunicaci\u00f3n. Una fotograf\u00eda profesional te garantiza un impacto positivo en los dem\u00e1s, y puede determinar si un potencial cliente, te contacta o no. En \u00e9sta Sesi\u00f3n realizo fotograf\u00edas de plano corto (hasta los hombros), en el Estudio o en tu lugar de trabajo. La entrevista previa, es fundamental, la tendremos antes de la Sesi\u00f3n de Fotos, en ella conversaremos sobre la est\u00e9tica deseada y la din\u00e1mica de trabajo. La Sesi\u00f3n de Fotos, tiene una duraci\u00f3n, de 60 minutos, como m\u00e1ximo. El vestuario no est\u00e1 inclu\u00eddo; te asesoro respecto de cu\u00e1l es el m\u00e1s adecuado, teniendo en cuenta la est\u00e9tica deseada y el uso que le dar\u00e1s a las fotograf\u00edas. Te recomiendo que contrates maquillaje y peinado, le dar\u00e1 un acabado perfecto a tus fotos. Te entrego 10 fotograf\u00edas en formato digital, en alta calidad, previo env\u00edo de un muestrario para la elecci\u00f3n de la finalistas. Realizo edici\u00f3n profesional, en la que se incluye retoque de piel. Entrego el material con link de descarga, v\u00eda WeTransfer o Google Drive. Ten\u00e9s la posibilidad de agregar fotos extras al paquete, de manera adicional, al igual que productos impresos: fotolibros, fotocuadros, cajas contenedoras de fotos, impresiones y m\u00e1s. Las Sesiones de Fotos Headshots, tambi\u00e9n se realizan para empresas, que desean que su personal, tenga las&nbsp; fotos de sus&nbsp; perfiles, con una misma est\u00e9tica y calidad fotogr\u00e1fica. Brindo este servicio a domicilio, con un set totalmente personalizado, que puede ser repetido, tantas veces como sea necesario, para futuras incorporaciones de personal.<\/p>\n","protected":false},"author":1,"featured_media":0,"parent":0,"menu_order":0,"comment_status":"closed","ping_status":"open","template":"","meta":{"footnotes":""},"class_list":["post-151","page","type-page","status-publish","hentry"],"_links":{"self":[{"href":"https:\/\/pauca.com.ar\/index.php?rest_route=\/wp\/v2\/pages\/151","targetHints":{"allow":["GET"]}}],"collection":[{"href":"https:\/\/pauca.com.ar\/index.php?rest_route=\/wp\/v2\/pages"}],"about":[{"href":"https:\/\/pauca.com.ar\/index.php?rest_route=\/wp\/v2\/types\/page"}],"author":[{"embeddable":true,"href":"https:\/\/pauca.com.ar\/index.php?rest_route=\/wp\/v2\/users\/1"}],"replies":[{"embeddable":true,"href":"https:\/\/pauca.com.ar\/index.php?rest_route=%2Fwp%2Fv2%2Fcomments&post=151"}],"version-history":[{"count":5,"href":"https:\/\/pauca.com.ar\/index.php?rest_route=\/wp\/v2\/pages\/151\/revisions"}],"predecessor-version":[{"id":322,"href":"https:\/\/pauca.com.ar\/index.php?rest_route=\/wp\/v2\/pages\/151\/revisions\/322"}],"wp:attachment":[{"href":"https:\/\/pauca.com.ar\/index.php?rest_route=%2Fwp%2Fv2%2Fmedia&parent=151"}],"curies":[{"name":"wp","href":"https:\/\/api.w.org\/{rel}","templated":true}]}}